{"id":1022,"date":"2017-03-27T08:56:10","date_gmt":"2017-03-27T07:56:10","guid":{"rendered":"https:\/\/www.sicsoe.fr\/?page_id=1022\/"},"modified":"2020-07-28T11:14:30","modified_gmt":"2020-07-28T10:14:30","slug":"vin-cuverie","status":"publish","type":"page","link":"https:\/\/www.sicsoe.fr\/es\/vin-cuverie\/","title":{"rendered":"Vino-cuber\u00eda"},"content":{"rendered":"<p>Independientemente de su procedencia y del tiempo que pase aqu\u00ed, cada vino confiado a la cuber\u00eda cuenta con su propio <strong>circuito personalizado<\/strong> en funci\u00f3n de las expectativas y demandas del productor o negociante.<\/p>\n<p><strong>Cada etapa cuenta con una trazabilidad y un seguimiento \u00fanico y adaptado<\/strong> garantizado por el equipo t\u00e9cnico y una en\u00f3loga. El laboratorio controla y analiza el seguimiento de cada vino, desde su recepci\u00f3n hasta despu\u00e9s del embotellado.\u00a0 El papel del equipo de la cuber\u00eda es tambi\u00e9n el de aportar <strong>asesoramiento a cada cliente<\/strong> y garantizar los mejores tratamientos y almacenamientos.<\/p>\n<ul>\n<li>Vino-cuber\u00eda<\/li>\n<li>Almacenamiento<\/li>\n<li>Laboratorio-Metrolog\u00eda<\/li>\n<\/ul>\n<h2>ALMACENAMIENTO<\/h2>\n<ul>\n<li>Ensamblaje, encolado<\/li>\n<li>Filtraci\u00f3n tangencial<\/li>\n<li>Filtraci\u00f3n de tierra<\/li>\n<li>Crianza con virutas<\/li>\n<\/ul>\n","protected":false},"excerpt":{"rendered":"<p>Independientemente de su procedencia y del tiempo que pase aqu\u00ed, cada vino confiado a la cuber\u00eda cuenta con su propio circuito personalizado en funci\u00f3n de&#8230;<\/p>\n","protected":false},"author":3,"featured_media":0,"parent":0,"menu_order":0,"comment_status":"closed","ping_status":"open","template":"","meta":{"_acf_changed":false,"footnotes":""},"class_list":["post-1022","page","type-page","status-publish","hentry"],"acf":[],"yoast_head":"<!-- This site is optimized with the Yoast SEO plugin v27.5 - https:\/\/yoast.com\/product\/yoast-seo-wordpress\/ -->\n<title>Vino-cuber\u00eda | SICSOE - Solution Vin Logistique<\/title>\n<meta name=\"description\" content=\"Independientemente de su procedencia y del tiempo que pase aqu\u00ed, cada vino confiado a la cuber\u00eda cuenta con su propio circuito personalizado en funci\u00f3n de\" \/>\n<meta name=\"robots\" content=\"index, follow, max-snippet:-1, max-image-preview:large, max-video-preview:-1\" \/>\n<link rel=\"canonical\" href=\"https:\/\/www.sicsoe.fr\/es\/vin-cuverie\/\" \/>\n<meta property=\"og:locale\" content=\"es_ES\" \/>\n<meta property=\"og:type\" content=\"article\" \/>\n<meta property=\"og:title\" content=\"Vino-cuber\u00eda | SICSOE - Solution Vin Logistique\" \/>\n<meta property=\"og:description\" content=\"Independientemente de su procedencia y del tiempo que pase aqu\u00ed, cada vino confiado a la cuber\u00eda cuenta con su propio circuito personalizado en funci\u00f3n de\" \/>\n<meta property=\"og:url\" content=\"https:\/\/www.sicsoe.fr\/es\/vin-cuverie\/\" \/>\n<meta property=\"og:site_name\" content=\"SICSOE\" \/>\n<meta property=\"article:modified_time\" content=\"2020-07-28T10:14:30+00:00\" \/>\n<meta name=\"twitter:card\" content=\"summary_large_image\" \/>\n<meta name=\"twitter:label1\" content=\"Tiempo de lectura\" \/>\n\t<meta name=\"twitter:data1\" content=\"1 minuto\" \/>\n<script type=\"application\/ld+json\" class=\"yoast-schema-graph\">{\"@context\":\"https:\\\/\\\/schema.org\",\"@graph\":[{\"@type\":\"WebPage\",\"@id\":\"https:\\\/\\\/www.sicsoe.fr\\\/es\\\/vin-cuverie\\\/\",\"url\":\"https:\\\/\\\/www.sicsoe.fr\\\/es\\\/vin-cuverie\\\/\",\"name\":\"Vino-cuber\u00eda | SICSOE - Solution Vin Logistique\",\"isPartOf\":{\"@id\":\"https:\\\/\\\/www.sicsoe.fr\\\/#website\"},\"datePublished\":\"2017-03-27T07:56:10+00:00\",\"dateModified\":\"2020-07-28T10:14:30+00:00\",\"description\":\"Independientemente de su procedencia y del tiempo que pase aqu\u00ed, cada vino confiado a la cuber\u00eda cuenta con su propio circuito personalizado en funci\u00f3n de\",\"breadcrumb\":{\"@id\":\"https:\\\/\\\/www.sicsoe.fr\\\/es\\\/vin-cuverie\\\/#breadcrumb\"},\"inLanguage\":\"es\",\"potentialAction\":[{\"@type\":\"ReadAction\",\"target\":[\"https:\\\/\\\/www.sicsoe.fr\\\/es\\\/vin-cuverie\\\/\"]}]},{\"@type\":\"BreadcrumbList\",\"@id\":\"https:\\\/\\\/www.sicsoe.fr\\\/es\\\/vin-cuverie\\\/#breadcrumb\",\"itemListElement\":[{\"@type\":\"ListItem\",\"position\":1,\"name\":\"Home\",\"item\":\"https:\\\/\\\/www.sicsoe.fr\\\/\"},{\"@type\":\"ListItem\",\"position\":2,\"name\":\"Vino-cuber\u00eda\"}]},{\"@type\":\"WebSite\",\"@id\":\"https:\\\/\\\/www.sicsoe.fr\\\/#website\",\"url\":\"https:\\\/\\\/www.sicsoe.fr\\\/\",\"name\":\"SICSOE\",\"description\":\"Soluci\u00f3n Log\u00edstica del Vino\",\"publisher\":{\"@id\":\"https:\\\/\\\/www.sicsoe.fr\\\/#organization\"},\"potentialAction\":[{\"@type\":\"SearchAction\",\"target\":{\"@type\":\"EntryPoint\",\"urlTemplate\":\"https:\\\/\\\/www.sicsoe.fr\\\/?s={search_term_string}\"},\"query-input\":{\"@type\":\"PropertyValueSpecification\",\"valueRequired\":true,\"valueName\":\"search_term_string\"}}],\"inLanguage\":\"es\"},{\"@type\":\"Organization\",\"@id\":\"https:\\\/\\\/www.sicsoe.fr\\\/#organization\",\"name\":\"Sicsoe\",\"url\":\"https:\\\/\\\/www.sicsoe.fr\\\/\",\"logo\":{\"@type\":\"ImageObject\",\"inLanguage\":\"es\",\"@id\":\"https:\\\/\\\/www.sicsoe.fr\\\/#\\\/schema\\\/logo\\\/image\\\/\",\"url\":\"https:\\\/\\\/www.sicsoe.fr\\\/wp-content\\\/uploads\\\/2015\\\/03\\\/default-img-une.jpg\",\"contentUrl\":\"https:\\\/\\\/www.sicsoe.fr\\\/wp-content\\\/uploads\\\/2015\\\/03\\\/default-img-une.jpg\",\"width\":596,\"height\":431,\"caption\":\"Sicsoe\"},\"image\":{\"@id\":\"https:\\\/\\\/www.sicsoe.fr\\\/#\\\/schema\\\/logo\\\/image\\\/\"}}]}<\/script>\n<!-- \/ Yoast SEO plugin. -->","yoast_head_json":{"title":"Vino-cuber\u00eda | SICSOE - Solution Vin Logistique","description":"Independientemente de su procedencia y del tiempo que pase aqu\u00ed, cada vino confiado a la cuber\u00eda cuenta con su propio circuito personalizado en funci\u00f3n de","robots":{"index":"index","follow":"follow","max-snippet":"max-snippet:-1","max-image-preview":"max-image-preview:large","max-video-preview":"max-video-preview:-1"},"canonical":"https:\/\/www.sicsoe.fr\/es\/vin-cuverie\/","og_locale":"es_ES","og_type":"article","og_title":"Vino-cuber\u00eda | SICSOE - Solution Vin Logistique","og_description":"Independientemente de su procedencia y del tiempo que pase aqu\u00ed, cada vino confiado a la cuber\u00eda cuenta con su propio circuito personalizado en funci\u00f3n de","og_url":"https:\/\/www.sicsoe.fr\/es\/vin-cuverie\/","og_site_name":"SICSOE","article_modified_time":"2020-07-28T10:14:30+00:00","twitter_card":"summary_large_image","twitter_misc":{"Tiempo de lectura":"1 minuto"},"schema":{"@context":"https:\/\/schema.org","@graph":[{"@type":"WebPage","@id":"https:\/\/www.sicsoe.fr\/es\/vin-cuverie\/","url":"https:\/\/www.sicsoe.fr\/es\/vin-cuverie\/","name":"Vino-cuber\u00eda | SICSOE - Solution Vin Logistique","isPartOf":{"@id":"https:\/\/www.sicsoe.fr\/#website"},"datePublished":"2017-03-27T07:56:10+00:00","dateModified":"2020-07-28T10:14:30+00:00","description":"Independientemente de su procedencia y del tiempo que pase aqu\u00ed, cada vino confiado a la cuber\u00eda cuenta con su propio circuito personalizado en funci\u00f3n de","breadcrumb":{"@id":"https:\/\/www.sicsoe.fr\/es\/vin-cuverie\/#breadcrumb"},"inLanguage":"es","potentialAction":[{"@type":"ReadAction","target":["https:\/\/www.sicsoe.fr\/es\/vin-cuverie\/"]}]},{"@type":"BreadcrumbList","@id":"https:\/\/www.sicsoe.fr\/es\/vin-cuverie\/#breadcrumb","itemListElement":[{"@type":"ListItem","position":1,"name":"Home","item":"https:\/\/www.sicsoe.fr\/"},{"@type":"ListItem","position":2,"name":"Vino-cuber\u00eda"}]},{"@type":"WebSite","@id":"https:\/\/www.sicsoe.fr\/#website","url":"https:\/\/www.sicsoe.fr\/","name":"SICSOE","description":"Soluci\u00f3n Log\u00edstica del Vino","publisher":{"@id":"https:\/\/www.sicsoe.fr\/#organization"},"potentialAction":[{"@type":"SearchAction","target":{"@type":"EntryPoint","urlTemplate":"https:\/\/www.sicsoe.fr\/?s={search_term_string}"},"query-input":{"@type":"PropertyValueSpecification","valueRequired":true,"valueName":"search_term_string"}}],"inLanguage":"es"},{"@type":"Organization","@id":"https:\/\/www.sicsoe.fr\/#organization","name":"Sicsoe","url":"https:\/\/www.sicsoe.fr\/","logo":{"@type":"ImageObject","inLanguage":"es","@id":"https:\/\/www.sicsoe.fr\/#\/schema\/logo\/image\/","url":"https:\/\/www.sicsoe.fr\/wp-content\/uploads\/2015\/03\/default-img-une.jpg","contentUrl":"https:\/\/www.sicsoe.fr\/wp-content\/uploads\/2015\/03\/default-img-une.jpg","width":596,"height":431,"caption":"Sicsoe"},"image":{"@id":"https:\/\/www.sicsoe.fr\/#\/schema\/logo\/image\/"}}]}},"_links":{"self":[{"href":"https:\/\/www.sicsoe.fr\/es\/wp-json\/wp\/v2\/pages\/1022","targetHints":{"allow":["GET"]}}],"collection":[{"href":"https:\/\/www.sicsoe.fr\/es\/wp-json\/wp\/v2\/pages"}],"about":[{"href":"https:\/\/www.sicsoe.fr\/es\/wp-json\/wp\/v2\/types\/page"}],"author":[{"embeddable":true,"href":"https:\/\/www.sicsoe.fr\/es\/wp-json\/wp\/v2\/users\/3"}],"replies":[{"embeddable":true,"href":"https:\/\/www.sicsoe.fr\/es\/wp-json\/wp\/v2\/comments?post=1022"}],"version-history":[{"count":2,"href":"https:\/\/www.sicsoe.fr\/es\/wp-json\/wp\/v2\/pages\/1022\/revisions"}],"predecessor-version":[{"id":1024,"href":"https:\/\/www.sicsoe.fr\/es\/wp-json\/wp\/v2\/pages\/1022\/revisions\/1024"}],"wp:attachment":[{"href":"https:\/\/www.sicsoe.fr\/es\/wp-json\/wp\/v2\/media?parent=1022"}],"curies":[{"name":"wp","href":"https:\/\/api.w.org\/{rel}","templated":true}]}}