{"id":1028,"date":"2017-03-27T09:26:22","date_gmt":"2017-03-27T08:26:22","guid":{"rendered":"https:\/\/www.sicsoe.fr\/?page_id=1028\/"},"modified":"2020-07-23T13:35:11","modified_gmt":"2020-07-23T12:35:11","slug":"laboratorio-metrologia","status":"publish","type":"page","link":"https:\/\/www.sicsoe.fr\/es\/vin-cuverie\/laboratorio-metrologia\/","title":{"rendered":"Laboratorio-Metrolog\u00eda"},"content":{"rendered":"<h2>LABORATORIO<\/h2>\n<p>Independientemente del volumen, cada etapa cuenta con una trazabilidad y un seguimiento \u00fanico y adaptado garantizado por el equipo t\u00e9cnico y dos en\u00f3logos.<\/p>\n<p>El principio: cada vez que se trabaja el vino, se realiza un an\u00e1lisis adaptado.<\/p>\n<p>&nbsp;<\/p>\n<h2>METROLOG\u00cdA<\/h2>\n<p>Todos los aparatos utilizados en el marco del seguimiento y control del vino se someten a un control metrol\u00f3gico (calibrado y verificaci\u00f3n sistem\u00e1ticos y normativos de los aparatos).<\/p>\n<p>El laboratorio controla y analiza el seguimiento de cada vino, desde su recepci\u00f3n hasta despu\u00e9s del embotellado.<\/p>\n","protected":false},"excerpt":{"rendered":"<p>LABORATORIO Independientemente del volumen, cada etapa cuenta con una trazabilidad y un seguimiento \u00fanico y adaptado garantizado por el equipo t\u00e9cnico y dos en\u00f3logos. El&#8230;<\/p>\n","protected":false},"author":3,"featured_media":313,"parent":1022,"menu_order":0,"comment_status":"closed","ping_status":"open","template":"","meta":{"_acf_changed":false,"footnotes":""},"class_list":["post-1028","page","type-page","status-publish","has-post-thumbnail","hentry"],"acf":[],"yoast_head":"<!-- This site is optimized with the Yoast SEO plugin v27.4 - https:\/\/yoast.com\/product\/yoast-seo-wordpress\/ -->\n<title>Laboratorio-Metrolog\u00eda | SICSOE - Solution Vin Logistique<\/title>\n<meta name=\"description\" content=\"LABORATORIO Independientemente del volumen, cada etapa cuenta con una trazabilidad y un seguimiento \u00fanico y adaptado garantizado por el equipo t\u00e9cnico y\" \/>\n<meta name=\"robots\" content=\"index, follow, max-snippet:-1, max-image-preview:large, max-video-preview:-1\" \/>\n<link rel=\"canonical\" href=\"https:\/\/www.sicsoe.fr\/es\/vin-cuverie\/laboratorio-metrologia\/\" \/>\n<meta property=\"og:locale\" content=\"es_ES\" \/>\n<meta property=\"og:type\" content=\"article\" \/>\n<meta property=\"og:title\" content=\"Laboratorio-Metrolog\u00eda | SICSOE - Solution Vin Logistique\" \/>\n<meta property=\"og:description\" content=\"LABORATORIO Independientemente del volumen, cada etapa cuenta con una trazabilidad y un seguimiento \u00fanico y adaptado garantizado por el equipo t\u00e9cnico y\" \/>\n<meta property=\"og:url\" content=\"https:\/\/www.sicsoe.fr\/es\/vin-cuverie\/laboratorio-metrologia\/\" \/>\n<meta property=\"og:site_name\" content=\"SICSOE\" \/>\n<meta property=\"article:modified_time\" content=\"2020-07-23T12:35:11+00:00\" \/>\n<meta property=\"og:image\" content=\"https:\/\/www.sicsoe.fr\/wp-content\/uploads\/2015\/03\/laboratoire_cuverie.jpg\" \/>\n\t<meta property=\"og:image:width\" content=\"595\" \/>\n\t<meta property=\"og:image:height\" content=\"394\" \/>\n\t<meta property=\"og:image:type\" content=\"image\/jpeg\" \/>\n<meta name=\"twitter:card\" content=\"summary_large_image\" \/>\n<script type=\"application\/ld+json\" class=\"yoast-schema-graph\">{\"@context\":\"https:\\\/\\\/schema.org\",\"@graph\":[{\"@type\":\"WebPage\",\"@id\":\"https:\\\/\\\/www.sicsoe.fr\\\/es\\\/vin-cuverie\\\/laboratorio-metrologia\\\/\",\"url\":\"https:\\\/\\\/www.sicsoe.fr\\\/es\\\/vin-cuverie\\\/laboratorio-metrologia\\\/\",\"name\":\"Laboratorio-Metrolog\u00eda | SICSOE - Solution Vin Logistique\",\"isPartOf\":{\"@id\":\"https:\\\/\\\/www.sicsoe.fr\\\/#website\"},\"primaryImageOfPage\":{\"@id\":\"https:\\\/\\\/www.sicsoe.fr\\\/es\\\/vin-cuverie\\\/laboratorio-metrologia\\\/#primaryimage\"},\"image\":{\"@id\":\"https:\\\/\\\/www.sicsoe.fr\\\/es\\\/vin-cuverie\\\/laboratorio-metrologia\\\/#primaryimage\"},\"thumbnailUrl\":\"https:\\\/\\\/www.sicsoe.fr\\\/wp-content\\\/uploads\\\/2015\\\/03\\\/laboratoire_cuverie.jpg\",\"datePublished\":\"2017-03-27T08:26:22+00:00\",\"dateModified\":\"2020-07-23T12:35:11+00:00\",\"description\":\"LABORATORIO Independientemente del volumen, cada etapa cuenta con una trazabilidad y un seguimiento \u00fanico y adaptado garantizado por el equipo t\u00e9cnico y\",\"breadcrumb\":{\"@id\":\"https:\\\/\\\/www.sicsoe.fr\\\/es\\\/vin-cuverie\\\/laboratorio-metrologia\\\/#breadcrumb\"},\"inLanguage\":\"es\",\"potentialAction\":[{\"@type\":\"ReadAction\",\"target\":[\"https:\\\/\\\/www.sicsoe.fr\\\/es\\\/vin-cuverie\\\/laboratorio-metrologia\\\/\"]}]},{\"@type\":\"ImageObject\",\"inLanguage\":\"es\",\"@id\":\"https:\\\/\\\/www.sicsoe.fr\\\/es\\\/vin-cuverie\\\/laboratorio-metrologia\\\/#primaryimage\",\"url\":\"https:\\\/\\\/www.sicsoe.fr\\\/wp-content\\\/uploads\\\/2015\\\/03\\\/laboratoire_cuverie.jpg\",\"contentUrl\":\"https:\\\/\\\/www.sicsoe.fr\\\/wp-content\\\/uploads\\\/2015\\\/03\\\/laboratoire_cuverie.jpg\",\"width\":595,\"height\":394,\"caption\":\"Laboratoire cuverie\"},{\"@type\":\"BreadcrumbList\",\"@id\":\"https:\\\/\\\/www.sicsoe.fr\\\/es\\\/vin-cuverie\\\/laboratorio-metrologia\\\/#breadcrumb\",\"itemListElement\":[{\"@type\":\"ListItem\",\"position\":1,\"name\":\"Home\",\"item\":\"https:\\\/\\\/www.sicsoe.fr\\\/\"},{\"@type\":\"ListItem\",\"position\":2,\"name\":\"Vino-cuber\u00eda\",\"item\":\"https:\\\/\\\/www.sicsoe.fr\\\/es\\\/vin-cuverie\\\/\"},{\"@type\":\"ListItem\",\"position\":3,\"name\":\"Laboratorio-Metrolog\u00eda\"}]},{\"@type\":\"WebSite\",\"@id\":\"https:\\\/\\\/www.sicsoe.fr\\\/#website\",\"url\":\"https:\\\/\\\/www.sicsoe.fr\\\/\",\"name\":\"SICSOE\",\"description\":\"Soluci\u00f3n Log\u00edstica del Vino\",\"publisher\":{\"@id\":\"https:\\\/\\\/www.sicsoe.fr\\\/#organization\"},\"potentialAction\":[{\"@type\":\"SearchAction\",\"target\":{\"@type\":\"EntryPoint\",\"urlTemplate\":\"https:\\\/\\\/www.sicsoe.fr\\\/?s={search_term_string}\"},\"query-input\":{\"@type\":\"PropertyValueSpecification\",\"valueRequired\":true,\"valueName\":\"search_term_string\"}}],\"inLanguage\":\"es\"},{\"@type\":\"Organization\",\"@id\":\"https:\\\/\\\/www.sicsoe.fr\\\/#organization\",\"name\":\"Sicsoe\",\"url\":\"https:\\\/\\\/www.sicsoe.fr\\\/\",\"logo\":{\"@type\":\"ImageObject\",\"inLanguage\":\"es\",\"@id\":\"https:\\\/\\\/www.sicsoe.fr\\\/#\\\/schema\\\/logo\\\/image\\\/\",\"url\":\"https:\\\/\\\/www.sicsoe.fr\\\/wp-content\\\/uploads\\\/2015\\\/03\\\/default-img-une.jpg\",\"contentUrl\":\"https:\\\/\\\/www.sicsoe.fr\\\/wp-content\\\/uploads\\\/2015\\\/03\\\/default-img-une.jpg\",\"width\":596,\"height\":431,\"caption\":\"Sicsoe\"},\"image\":{\"@id\":\"https:\\\/\\\/www.sicsoe.fr\\\/#\\\/schema\\\/logo\\\/image\\\/\"}}]}<\/script>\n<!-- \/ Yoast SEO plugin. -->","yoast_head_json":{"title":"Laboratorio-Metrolog\u00eda | SICSOE - Solution Vin Logistique","description":"LABORATORIO Independientemente del volumen, cada etapa cuenta con una trazabilidad y un seguimiento \u00fanico y adaptado garantizado por el equipo t\u00e9cnico y","robots":{"index":"index","follow":"follow","max-snippet":"max-snippet:-1","max-image-preview":"max-image-preview:large","max-video-preview":"max-video-preview:-1"},"canonical":"https:\/\/www.sicsoe.fr\/es\/vin-cuverie\/laboratorio-metrologia\/","og_locale":"es_ES","og_type":"article","og_title":"Laboratorio-Metrolog\u00eda | SICSOE - Solution Vin Logistique","og_description":"LABORATORIO Independientemente del volumen, cada etapa cuenta con una trazabilidad y un seguimiento \u00fanico y adaptado garantizado por el equipo t\u00e9cnico y","og_url":"https:\/\/www.sicsoe.fr\/es\/vin-cuverie\/laboratorio-metrologia\/","og_site_name":"SICSOE","article_modified_time":"2020-07-23T12:35:11+00:00","og_image":[{"width":595,"height":394,"url":"https:\/\/www.sicsoe.fr\/wp-content\/uploads\/2015\/03\/laboratoire_cuverie.jpg","type":"image\/jpeg"}],"twitter_card":"summary_large_image","schema":{"@context":"https:\/\/schema.org","@graph":[{"@type":"WebPage","@id":"https:\/\/www.sicsoe.fr\/es\/vin-cuverie\/laboratorio-metrologia\/","url":"https:\/\/www.sicsoe.fr\/es\/vin-cuverie\/laboratorio-metrologia\/","name":"Laboratorio-Metrolog\u00eda | SICSOE - Solution Vin Logistique","isPartOf":{"@id":"https:\/\/www.sicsoe.fr\/#website"},"primaryImageOfPage":{"@id":"https:\/\/www.sicsoe.fr\/es\/vin-cuverie\/laboratorio-metrologia\/#primaryimage"},"image":{"@id":"https:\/\/www.sicsoe.fr\/es\/vin-cuverie\/laboratorio-metrologia\/#primaryimage"},"thumbnailUrl":"https:\/\/www.sicsoe.fr\/wp-content\/uploads\/2015\/03\/laboratoire_cuverie.jpg","datePublished":"2017-03-27T08:26:22+00:00","dateModified":"2020-07-23T12:35:11+00:00","description":"LABORATORIO Independientemente del volumen, cada etapa cuenta con una trazabilidad y un seguimiento \u00fanico y adaptado garantizado por el equipo t\u00e9cnico y","breadcrumb":{"@id":"https:\/\/www.sicsoe.fr\/es\/vin-cuverie\/laboratorio-metrologia\/#breadcrumb"},"inLanguage":"es","potentialAction":[{"@type":"ReadAction","target":["https:\/\/www.sicsoe.fr\/es\/vin-cuverie\/laboratorio-metrologia\/"]}]},{"@type":"ImageObject","inLanguage":"es","@id":"https:\/\/www.sicsoe.fr\/es\/vin-cuverie\/laboratorio-metrologia\/#primaryimage","url":"https:\/\/www.sicsoe.fr\/wp-content\/uploads\/2015\/03\/laboratoire_cuverie.jpg","contentUrl":"https:\/\/www.sicsoe.fr\/wp-content\/uploads\/2015\/03\/laboratoire_cuverie.jpg","width":595,"height":394,"caption":"Laboratoire cuverie"},{"@type":"BreadcrumbList","@id":"https:\/\/www.sicsoe.fr\/es\/vin-cuverie\/laboratorio-metrologia\/#breadcrumb","itemListElement":[{"@type":"ListItem","position":1,"name":"Home","item":"https:\/\/www.sicsoe.fr\/"},{"@type":"ListItem","position":2,"name":"Vino-cuber\u00eda","item":"https:\/\/www.sicsoe.fr\/es\/vin-cuverie\/"},{"@type":"ListItem","position":3,"name":"Laboratorio-Metrolog\u00eda"}]},{"@type":"WebSite","@id":"https:\/\/www.sicsoe.fr\/#website","url":"https:\/\/www.sicsoe.fr\/","name":"SICSOE","description":"Soluci\u00f3n Log\u00edstica del Vino","publisher":{"@id":"https:\/\/www.sicsoe.fr\/#organization"},"potentialAction":[{"@type":"SearchAction","target":{"@type":"EntryPoint","urlTemplate":"https:\/\/www.sicsoe.fr\/?s={search_term_string}"},"query-input":{"@type":"PropertyValueSpecification","valueRequired":true,"valueName":"search_term_string"}}],"inLanguage":"es"},{"@type":"Organization","@id":"https:\/\/www.sicsoe.fr\/#organization","name":"Sicsoe","url":"https:\/\/www.sicsoe.fr\/","logo":{"@type":"ImageObject","inLanguage":"es","@id":"https:\/\/www.sicsoe.fr\/#\/schema\/logo\/image\/","url":"https:\/\/www.sicsoe.fr\/wp-content\/uploads\/2015\/03\/default-img-une.jpg","contentUrl":"https:\/\/www.sicsoe.fr\/wp-content\/uploads\/2015\/03\/default-img-une.jpg","width":596,"height":431,"caption":"Sicsoe"},"image":{"@id":"https:\/\/www.sicsoe.fr\/#\/schema\/logo\/image\/"}}]}},"_links":{"self":[{"href":"https:\/\/www.sicsoe.fr\/es\/wp-json\/wp\/v2\/pages\/1028","targetHints":{"allow":["GET"]}}],"collection":[{"href":"https:\/\/www.sicsoe.fr\/es\/wp-json\/wp\/v2\/pages"}],"about":[{"href":"https:\/\/www.sicsoe.fr\/es\/wp-json\/wp\/v2\/types\/page"}],"author":[{"embeddable":true,"href":"https:\/\/www.sicsoe.fr\/es\/wp-json\/wp\/v2\/users\/3"}],"replies":[{"embeddable":true,"href":"https:\/\/www.sicsoe.fr\/es\/wp-json\/wp\/v2\/comments?post=1028"}],"version-history":[{"count":1,"href":"https:\/\/www.sicsoe.fr\/es\/wp-json\/wp\/v2\/pages\/1028\/revisions"}],"predecessor-version":[{"id":1029,"href":"https:\/\/www.sicsoe.fr\/es\/wp-json\/wp\/v2\/pages\/1028\/revisions\/1029"}],"up":[{"embeddable":true,"href":"https:\/\/www.sicsoe.fr\/es\/wp-json\/wp\/v2\/pages\/1022"}],"wp:featuredmedia":[{"embeddable":true,"href":"https:\/\/www.sicsoe.fr\/es\/wp-json\/wp\/v2\/media\/313"}],"wp:attachment":[{"href":"https:\/\/www.sicsoe.fr\/es\/wp-json\/wp\/v2\/media?parent=1028"}],"curies":[{"name":"wp","href":"https:\/\/api.w.org\/{rel}","templated":true}]}}