{"id":1032,"date":"2017-03-27T09:56:16","date_gmt":"2017-03-27T08:56:16","guid":{"rendered":"https:\/\/www.sicsoe.fr\/?page_id=1032\/"},"modified":"2018-01-12T10:32:27","modified_gmt":"2018-01-12T09:32:27","slug":"embotellado","status":"publish","type":"page","link":"https:\/\/www.sicsoe.fr\/es\/embotellado\/embotellado\/","title":{"rendered":"Embotellado"},"content":{"rendered":"<ul>\n<li>Embotellado Encorchado y encapsulado (2 operaciones)<\/li>\n<li>Embotellado 4 operaciones: tiraje, encapsulado, etiquetado, embalaje<\/li>\n<li>El embotellado se distribuye en 3 l\u00edneas de tiraje, una de Embotellado espec\u00edfico de los envases de 25 cl y envases de 18,7 cl (benjam\u00edn)<\/li>\n<li>Embotellado en cristal o en PET pl\u00e1stico<\/li>\n<\/ul>\n","protected":false},"excerpt":{"rendered":"<p>Embotellado Encorchado y encapsulado (2 operaciones) Embotellado 4 operaciones: tiraje, encapsulado, etiquetado, embalaje El embotellado se distribuye en 3 l\u00edneas de tiraje, una de Embotellado&#8230;<\/p>\n","protected":false},"author":3,"featured_media":300,"parent":1030,"menu_order":0,"comment_status":"closed","ping_status":"open","template":"","meta":{"_acf_changed":false,"footnotes":""},"class_list":["post-1032","page","type-page","status-publish","has-post-thumbnail","hentry"],"acf":[],"yoast_head":"<!-- This site is optimized with the Yoast SEO plugin v27.5 - https:\/\/yoast.com\/product\/yoast-seo-wordpress\/ -->\n<title>Embotellado | SICSOE - Solution Vin Logistique<\/title>\n<meta name=\"description\" content=\"Embotellado Encorchado y encapsulado (2 operaciones) Embotellado 4 operaciones: tiraje, encapsulado, etiquetado, embalaje El embotellado se distribuye en\" \/>\n<meta name=\"robots\" content=\"index, follow, max-snippet:-1, max-image-preview:large, max-video-preview:-1\" \/>\n<link rel=\"canonical\" href=\"https:\/\/www.sicsoe.fr\/es\/embotellado\/embotellado\/\" \/>\n<meta property=\"og:locale\" content=\"es_ES\" \/>\n<meta property=\"og:type\" content=\"article\" \/>\n<meta property=\"og:title\" content=\"Embotellado | SICSOE - Solution Vin Logistique\" \/>\n<meta property=\"og:description\" content=\"Embotellado Encorchado y encapsulado (2 operaciones) Embotellado 4 operaciones: tiraje, encapsulado, etiquetado, embalaje El embotellado se distribuye en\" \/>\n<meta property=\"og:url\" content=\"https:\/\/www.sicsoe.fr\/es\/embotellado\/embotellado\/\" \/>\n<meta property=\"og:site_name\" content=\"SICSOE\" \/>\n<meta property=\"article:modified_time\" content=\"2018-01-12T09:32:27+00:00\" \/>\n<meta property=\"og:image\" content=\"https:\/\/www.sicsoe.fr\/wp-content\/uploads\/2015\/03\/chaine_mise_bouteille.jpg\" \/>\n\t<meta property=\"og:image:width\" content=\"595\" \/>\n\t<meta property=\"og:image:height\" content=\"394\" \/>\n\t<meta property=\"og:image:type\" content=\"image\/jpeg\" \/>\n<meta name=\"twitter:card\" content=\"summary_large_image\" \/>\n<script type=\"application\/ld+json\" class=\"yoast-schema-graph\">{\"@context\":\"https:\\\/\\\/schema.org\",\"@graph\":[{\"@type\":\"WebPage\",\"@id\":\"https:\\\/\\\/www.sicsoe.fr\\\/es\\\/embotellado\\\/embotellado\\\/\",\"url\":\"https:\\\/\\\/www.sicsoe.fr\\\/es\\\/embotellado\\\/embotellado\\\/\",\"name\":\"Embotellado | SICSOE - Solution Vin Logistique\",\"isPartOf\":{\"@id\":\"https:\\\/\\\/www.sicsoe.fr\\\/#website\"},\"primaryImageOfPage\":{\"@id\":\"https:\\\/\\\/www.sicsoe.fr\\\/es\\\/embotellado\\\/embotellado\\\/#primaryimage\"},\"image\":{\"@id\":\"https:\\\/\\\/www.sicsoe.fr\\\/es\\\/embotellado\\\/embotellado\\\/#primaryimage\"},\"thumbnailUrl\":\"https:\\\/\\\/www.sicsoe.fr\\\/wp-content\\\/uploads\\\/2015\\\/03\\\/chaine_mise_bouteille.jpg\",\"datePublished\":\"2017-03-27T08:56:16+00:00\",\"dateModified\":\"2018-01-12T09:32:27+00:00\",\"description\":\"Embotellado Encorchado y encapsulado (2 operaciones) Embotellado 4 operaciones: tiraje, encapsulado, etiquetado, embalaje El embotellado se distribuye en\",\"breadcrumb\":{\"@id\":\"https:\\\/\\\/www.sicsoe.fr\\\/es\\\/embotellado\\\/embotellado\\\/#breadcrumb\"},\"inLanguage\":\"es\",\"potentialAction\":[{\"@type\":\"ReadAction\",\"target\":[\"https:\\\/\\\/www.sicsoe.fr\\\/es\\\/embotellado\\\/embotellado\\\/\"]}]},{\"@type\":\"ImageObject\",\"inLanguage\":\"es\",\"@id\":\"https:\\\/\\\/www.sicsoe.fr\\\/es\\\/embotellado\\\/embotellado\\\/#primaryimage\",\"url\":\"https:\\\/\\\/www.sicsoe.fr\\\/wp-content\\\/uploads\\\/2015\\\/03\\\/chaine_mise_bouteille.jpg\",\"contentUrl\":\"https:\\\/\\\/www.sicsoe.fr\\\/wp-content\\\/uploads\\\/2015\\\/03\\\/chaine_mise_bouteille.jpg\",\"width\":595,\"height\":394,\"caption\":\"Chaine de mise en bouteille\"},{\"@type\":\"BreadcrumbList\",\"@id\":\"https:\\\/\\\/www.sicsoe.fr\\\/es\\\/embotellado\\\/embotellado\\\/#breadcrumb\",\"itemListElement\":[{\"@type\":\"ListItem\",\"position\":1,\"name\":\"Home\",\"item\":\"https:\\\/\\\/www.sicsoe.fr\\\/\"},{\"@type\":\"ListItem\",\"position\":2,\"name\":\"Embotellado\",\"item\":\"https:\\\/\\\/www.sicsoe.fr\\\/es\\\/embotellado\\\/\"},{\"@type\":\"ListItem\",\"position\":3,\"name\":\"Embotellado\"}]},{\"@type\":\"WebSite\",\"@id\":\"https:\\\/\\\/www.sicsoe.fr\\\/#website\",\"url\":\"https:\\\/\\\/www.sicsoe.fr\\\/\",\"name\":\"SICSOE\",\"description\":\"Soluci\u00f3n Log\u00edstica del Vino\",\"publisher\":{\"@id\":\"https:\\\/\\\/www.sicsoe.fr\\\/#organization\"},\"potentialAction\":[{\"@type\":\"SearchAction\",\"target\":{\"@type\":\"EntryPoint\",\"urlTemplate\":\"https:\\\/\\\/www.sicsoe.fr\\\/?s={search_term_string}\"},\"query-input\":{\"@type\":\"PropertyValueSpecification\",\"valueRequired\":true,\"valueName\":\"search_term_string\"}}],\"inLanguage\":\"es\"},{\"@type\":\"Organization\",\"@id\":\"https:\\\/\\\/www.sicsoe.fr\\\/#organization\",\"name\":\"Sicsoe\",\"url\":\"https:\\\/\\\/www.sicsoe.fr\\\/\",\"logo\":{\"@type\":\"ImageObject\",\"inLanguage\":\"es\",\"@id\":\"https:\\\/\\\/www.sicsoe.fr\\\/#\\\/schema\\\/logo\\\/image\\\/\",\"url\":\"https:\\\/\\\/www.sicsoe.fr\\\/wp-content\\\/uploads\\\/2015\\\/03\\\/default-img-une.jpg\",\"contentUrl\":\"https:\\\/\\\/www.sicsoe.fr\\\/wp-content\\\/uploads\\\/2015\\\/03\\\/default-img-une.jpg\",\"width\":596,\"height\":431,\"caption\":\"Sicsoe\"},\"image\":{\"@id\":\"https:\\\/\\\/www.sicsoe.fr\\\/#\\\/schema\\\/logo\\\/image\\\/\"}}]}<\/script>\n<!-- \/ Yoast SEO plugin. -->","yoast_head_json":{"title":"Embotellado | SICSOE - Solution Vin Logistique","description":"Embotellado Encorchado y encapsulado (2 operaciones) Embotellado 4 operaciones: tiraje, encapsulado, etiquetado, embalaje El embotellado se distribuye en","robots":{"index":"index","follow":"follow","max-snippet":"max-snippet:-1","max-image-preview":"max-image-preview:large","max-video-preview":"max-video-preview:-1"},"canonical":"https:\/\/www.sicsoe.fr\/es\/embotellado\/embotellado\/","og_locale":"es_ES","og_type":"article","og_title":"Embotellado | SICSOE - Solution Vin Logistique","og_description":"Embotellado Encorchado y encapsulado (2 operaciones) Embotellado 4 operaciones: tiraje, encapsulado, etiquetado, embalaje El embotellado se distribuye en","og_url":"https:\/\/www.sicsoe.fr\/es\/embotellado\/embotellado\/","og_site_name":"SICSOE","article_modified_time":"2018-01-12T09:32:27+00:00","og_image":[{"width":595,"height":394,"url":"https:\/\/www.sicsoe.fr\/wp-content\/uploads\/2015\/03\/chaine_mise_bouteille.jpg","type":"image\/jpeg"}],"twitter_card":"summary_large_image","schema":{"@context":"https:\/\/schema.org","@graph":[{"@type":"WebPage","@id":"https:\/\/www.sicsoe.fr\/es\/embotellado\/embotellado\/","url":"https:\/\/www.sicsoe.fr\/es\/embotellado\/embotellado\/","name":"Embotellado | SICSOE - Solution Vin Logistique","isPartOf":{"@id":"https:\/\/www.sicsoe.fr\/#website"},"primaryImageOfPage":{"@id":"https:\/\/www.sicsoe.fr\/es\/embotellado\/embotellado\/#primaryimage"},"image":{"@id":"https:\/\/www.sicsoe.fr\/es\/embotellado\/embotellado\/#primaryimage"},"thumbnailUrl":"https:\/\/www.sicsoe.fr\/wp-content\/uploads\/2015\/03\/chaine_mise_bouteille.jpg","datePublished":"2017-03-27T08:56:16+00:00","dateModified":"2018-01-12T09:32:27+00:00","description":"Embotellado Encorchado y encapsulado (2 operaciones) Embotellado 4 operaciones: tiraje, encapsulado, etiquetado, embalaje El embotellado se distribuye en","breadcrumb":{"@id":"https:\/\/www.sicsoe.fr\/es\/embotellado\/embotellado\/#breadcrumb"},"inLanguage":"es","potentialAction":[{"@type":"ReadAction","target":["https:\/\/www.sicsoe.fr\/es\/embotellado\/embotellado\/"]}]},{"@type":"ImageObject","inLanguage":"es","@id":"https:\/\/www.sicsoe.fr\/es\/embotellado\/embotellado\/#primaryimage","url":"https:\/\/www.sicsoe.fr\/wp-content\/uploads\/2015\/03\/chaine_mise_bouteille.jpg","contentUrl":"https:\/\/www.sicsoe.fr\/wp-content\/uploads\/2015\/03\/chaine_mise_bouteille.jpg","width":595,"height":394,"caption":"Chaine de mise en bouteille"},{"@type":"BreadcrumbList","@id":"https:\/\/www.sicsoe.fr\/es\/embotellado\/embotellado\/#breadcrumb","itemListElement":[{"@type":"ListItem","position":1,"name":"Home","item":"https:\/\/www.sicsoe.fr\/"},{"@type":"ListItem","position":2,"name":"Embotellado","item":"https:\/\/www.sicsoe.fr\/es\/embotellado\/"},{"@type":"ListItem","position":3,"name":"Embotellado"}]},{"@type":"WebSite","@id":"https:\/\/www.sicsoe.fr\/#website","url":"https:\/\/www.sicsoe.fr\/","name":"SICSOE","description":"Soluci\u00f3n Log\u00edstica del Vino","publisher":{"@id":"https:\/\/www.sicsoe.fr\/#organization"},"potentialAction":[{"@type":"SearchAction","target":{"@type":"EntryPoint","urlTemplate":"https:\/\/www.sicsoe.fr\/?s={search_term_string}"},"query-input":{"@type":"PropertyValueSpecification","valueRequired":true,"valueName":"search_term_string"}}],"inLanguage":"es"},{"@type":"Organization","@id":"https:\/\/www.sicsoe.fr\/#organization","name":"Sicsoe","url":"https:\/\/www.sicsoe.fr\/","logo":{"@type":"ImageObject","inLanguage":"es","@id":"https:\/\/www.sicsoe.fr\/#\/schema\/logo\/image\/","url":"https:\/\/www.sicsoe.fr\/wp-content\/uploads\/2015\/03\/default-img-une.jpg","contentUrl":"https:\/\/www.sicsoe.fr\/wp-content\/uploads\/2015\/03\/default-img-une.jpg","width":596,"height":431,"caption":"Sicsoe"},"image":{"@id":"https:\/\/www.sicsoe.fr\/#\/schema\/logo\/image\/"}}]}},"_links":{"self":[{"href":"https:\/\/www.sicsoe.fr\/es\/wp-json\/wp\/v2\/pages\/1032","targetHints":{"allow":["GET"]}}],"collection":[{"href":"https:\/\/www.sicsoe.fr\/es\/wp-json\/wp\/v2\/pages"}],"about":[{"href":"https:\/\/www.sicsoe.fr\/es\/wp-json\/wp\/v2\/types\/page"}],"author":[{"embeddable":true,"href":"https:\/\/www.sicsoe.fr\/es\/wp-json\/wp\/v2\/users\/3"}],"replies":[{"embeddable":true,"href":"https:\/\/www.sicsoe.fr\/es\/wp-json\/wp\/v2\/comments?post=1032"}],"version-history":[{"count":2,"href":"https:\/\/www.sicsoe.fr\/es\/wp-json\/wp\/v2\/pages\/1032\/revisions"}],"predecessor-version":[{"id":1034,"href":"https:\/\/www.sicsoe.fr\/es\/wp-json\/wp\/v2\/pages\/1032\/revisions\/1034"}],"up":[{"embeddable":true,"href":"https:\/\/www.sicsoe.fr\/es\/wp-json\/wp\/v2\/pages\/1030"}],"wp:featuredmedia":[{"embeddable":true,"href":"https:\/\/www.sicsoe.fr\/es\/wp-json\/wp\/v2\/media\/300"}],"wp:attachment":[{"href":"https:\/\/www.sicsoe.fr\/es\/wp-json\/wp\/v2\/media?parent=1032"}],"curies":[{"name":"wp","href":"https:\/\/api.w.org\/{rel}","templated":true}]}}