{"id":1057,"date":"2017-03-27T13:16:28","date_gmt":"2017-03-27T12:16:28","guid":{"rendered":"https:\/\/www.sicsoe.fr\/?page_id=1057\/"},"modified":"2020-07-23T11:30:22","modified_gmt":"2020-07-23T10:30:22","slug":"materias-secas","status":"publish","type":"page","link":"https:\/\/www.sicsoe.fr\/es\/plataforma-de-compras\/materias-secas\/","title":{"rendered":"Materias secas"},"content":{"rendered":"<p>Destinadas a los negociantes y propiedades de cualquier tama\u00f1o, la plataforma de <strong>compras de materias secas<\/strong> incluye las botellas, cajas de cart\u00f3n, c\u00e1psulas, palets y cofres.<\/p>\n<p>Proponemos soluciones llave en mano:<\/p>\n<ul>\n<li>Para una ventaja econ\u00f3mica y competitiva: Sicsoe propone soluciones en materias secas adaptadas a las limitaciones y expectativas del negociante o productor.<\/li>\n<li>Para una b\u00fasqueda de productos adaptados al cliente, a su vino y al usuario final<\/li>\n<\/ul>\n<p>&nbsp;<\/p>\n<p>Nuestro compromiso a largo plazo con los proveedores garantiza una estabilidad y competitividad de los precios en funci\u00f3n de cada solicitud del cliente.<\/p>\n<ul>\n<li>Atenci\u00f3n a la relaci\u00f3n con los proveedores<\/li>\n<li>Plazo de respuesta en 48 h<\/li>\n<li>Realizaci\u00f3n de ensayos industriales<\/li>\n<\/ul>\n","protected":false},"excerpt":{"rendered":"<p>Destinadas a los negociantes y propiedades de cualquier tama\u00f1o, la plataforma de compras de materias secas incluye las botellas, cajas de cart\u00f3n, c\u00e1psulas, palets y&#8230;<\/p>\n","protected":false},"author":3,"featured_media":285,"parent":1055,"menu_order":0,"comment_status":"closed","ping_status":"open","template":"templates\/template-page-sans-chiffres.php","meta":{"_acf_changed":false,"footnotes":""},"class_list":["post-1057","page","type-page","status-publish","has-post-thumbnail","hentry"],"acf":[],"yoast_head":"<!-- This site is optimized with the Yoast SEO plugin v27.3 - https:\/\/yoast.com\/product\/yoast-seo-wordpress\/ -->\n<title>Materias secas | SICSOE - Solution Vin Logistique<\/title>\n<meta name=\"description\" content=\"Destinadas a los negociantes y propiedades de cualquier tama\u00f1o, la plataforma de compras de materias secas incluye las botellas, cajas de cart\u00f3n,\" \/>\n<meta name=\"robots\" content=\"index, follow, max-snippet:-1, max-image-preview:large, max-video-preview:-1\" \/>\n<link rel=\"canonical\" href=\"https:\/\/www.sicsoe.fr\/es\/plataforma-de-compras\/materias-secas\/\" \/>\n<meta property=\"og:locale\" content=\"es_ES\" \/>\n<meta property=\"og:type\" content=\"article\" \/>\n<meta property=\"og:title\" content=\"Materias secas | SICSOE - Solution Vin Logistique\" \/>\n<meta property=\"og:description\" content=\"Destinadas a los negociantes y propiedades de cualquier tama\u00f1o, la plataforma de compras de materias secas incluye las botellas, cajas de cart\u00f3n,\" \/>\n<meta property=\"og:url\" content=\"https:\/\/www.sicsoe.fr\/es\/plataforma-de-compras\/materias-secas\/\" \/>\n<meta property=\"og:site_name\" content=\"SICSOE\" \/>\n<meta property=\"article:modified_time\" content=\"2020-07-23T10:30:22+00:00\" \/>\n<meta property=\"og:image\" content=\"https:\/\/www.sicsoe.fr\/wp-content\/uploads\/2015\/03\/palette_bouteille.jpg\" \/>\n\t<meta property=\"og:image:width\" content=\"595\" \/>\n\t<meta property=\"og:image:height\" content=\"394\" \/>\n\t<meta property=\"og:image:type\" content=\"image\/jpeg\" \/>\n<meta name=\"twitter:card\" content=\"summary_large_image\" \/>\n<meta name=\"twitter:label1\" content=\"Tiempo de lectura\" \/>\n\t<meta name=\"twitter:data1\" content=\"1 minuto\" \/>\n<script type=\"application\/ld+json\" class=\"yoast-schema-graph\">{\"@context\":\"https:\\\/\\\/schema.org\",\"@graph\":[{\"@type\":\"WebPage\",\"@id\":\"https:\\\/\\\/www.sicsoe.fr\\\/es\\\/plataforma-de-compras\\\/materias-secas\\\/\",\"url\":\"https:\\\/\\\/www.sicsoe.fr\\\/es\\\/plataforma-de-compras\\\/materias-secas\\\/\",\"name\":\"Materias secas | SICSOE - Solution Vin Logistique\",\"isPartOf\":{\"@id\":\"https:\\\/\\\/www.sicsoe.fr\\\/#website\"},\"primaryImageOfPage\":{\"@id\":\"https:\\\/\\\/www.sicsoe.fr\\\/es\\\/plataforma-de-compras\\\/materias-secas\\\/#primaryimage\"},\"image\":{\"@id\":\"https:\\\/\\\/www.sicsoe.fr\\\/es\\\/plataforma-de-compras\\\/materias-secas\\\/#primaryimage\"},\"thumbnailUrl\":\"https:\\\/\\\/www.sicsoe.fr\\\/wp-content\\\/uploads\\\/2015\\\/03\\\/palette_bouteille.jpg\",\"datePublished\":\"2017-03-27T12:16:28+00:00\",\"dateModified\":\"2020-07-23T10:30:22+00:00\",\"description\":\"Destinadas a los negociantes y propiedades de cualquier tama\u00f1o, la plataforma de compras de materias secas incluye las botellas, cajas de cart\u00f3n,\",\"breadcrumb\":{\"@id\":\"https:\\\/\\\/www.sicsoe.fr\\\/es\\\/plataforma-de-compras\\\/materias-secas\\\/#breadcrumb\"},\"inLanguage\":\"es\",\"potentialAction\":[{\"@type\":\"ReadAction\",\"target\":[\"https:\\\/\\\/www.sicsoe.fr\\\/es\\\/plataforma-de-compras\\\/materias-secas\\\/\"]}]},{\"@type\":\"ImageObject\",\"inLanguage\":\"es\",\"@id\":\"https:\\\/\\\/www.sicsoe.fr\\\/es\\\/plataforma-de-compras\\\/materias-secas\\\/#primaryimage\",\"url\":\"https:\\\/\\\/www.sicsoe.fr\\\/wp-content\\\/uploads\\\/2015\\\/03\\\/palette_bouteille.jpg\",\"contentUrl\":\"https:\\\/\\\/www.sicsoe.fr\\\/wp-content\\\/uploads\\\/2015\\\/03\\\/palette_bouteille.jpg\",\"width\":595,\"height\":394,\"caption\":\"Palette bouteille\"},{\"@type\":\"BreadcrumbList\",\"@id\":\"https:\\\/\\\/www.sicsoe.fr\\\/es\\\/plataforma-de-compras\\\/materias-secas\\\/#breadcrumb\",\"itemListElement\":[{\"@type\":\"ListItem\",\"position\":1,\"name\":\"Home\",\"item\":\"https:\\\/\\\/www.sicsoe.fr\\\/\"},{\"@type\":\"ListItem\",\"position\":2,\"name\":\"Plataforma de compras\",\"item\":\"https:\\\/\\\/www.sicsoe.fr\\\/es\\\/plataforma-de-compras\\\/\"},{\"@type\":\"ListItem\",\"position\":3,\"name\":\"Materias secas\"}]},{\"@type\":\"WebSite\",\"@id\":\"https:\\\/\\\/www.sicsoe.fr\\\/#website\",\"url\":\"https:\\\/\\\/www.sicsoe.fr\\\/\",\"name\":\"SICSOE\",\"description\":\"Soluci\u00f3n Log\u00edstica del Vino\",\"publisher\":{\"@id\":\"https:\\\/\\\/www.sicsoe.fr\\\/#organization\"},\"potentialAction\":[{\"@type\":\"SearchAction\",\"target\":{\"@type\":\"EntryPoint\",\"urlTemplate\":\"https:\\\/\\\/www.sicsoe.fr\\\/?s={search_term_string}\"},\"query-input\":{\"@type\":\"PropertyValueSpecification\",\"valueRequired\":true,\"valueName\":\"search_term_string\"}}],\"inLanguage\":\"es\"},{\"@type\":\"Organization\",\"@id\":\"https:\\\/\\\/www.sicsoe.fr\\\/#organization\",\"name\":\"Sicsoe\",\"url\":\"https:\\\/\\\/www.sicsoe.fr\\\/\",\"logo\":{\"@type\":\"ImageObject\",\"inLanguage\":\"es\",\"@id\":\"https:\\\/\\\/www.sicsoe.fr\\\/#\\\/schema\\\/logo\\\/image\\\/\",\"url\":\"https:\\\/\\\/www.sicsoe.fr\\\/wp-content\\\/uploads\\\/2015\\\/03\\\/default-img-une.jpg\",\"contentUrl\":\"https:\\\/\\\/www.sicsoe.fr\\\/wp-content\\\/uploads\\\/2015\\\/03\\\/default-img-une.jpg\",\"width\":596,\"height\":431,\"caption\":\"Sicsoe\"},\"image\":{\"@id\":\"https:\\\/\\\/www.sicsoe.fr\\\/#\\\/schema\\\/logo\\\/image\\\/\"}}]}<\/script>\n<!-- \/ Yoast SEO plugin. -->","yoast_head_json":{"title":"Materias secas | SICSOE - Solution Vin Logistique","description":"Destinadas a los negociantes y propiedades de cualquier tama\u00f1o, la plataforma de compras de materias secas incluye las botellas, cajas de cart\u00f3n,","robots":{"index":"index","follow":"follow","max-snippet":"max-snippet:-1","max-image-preview":"max-image-preview:large","max-video-preview":"max-video-preview:-1"},"canonical":"https:\/\/www.sicsoe.fr\/es\/plataforma-de-compras\/materias-secas\/","og_locale":"es_ES","og_type":"article","og_title":"Materias secas | SICSOE - Solution Vin Logistique","og_description":"Destinadas a los negociantes y propiedades de cualquier tama\u00f1o, la plataforma de compras de materias secas incluye las botellas, cajas de cart\u00f3n,","og_url":"https:\/\/www.sicsoe.fr\/es\/plataforma-de-compras\/materias-secas\/","og_site_name":"SICSOE","article_modified_time":"2020-07-23T10:30:22+00:00","og_image":[{"width":595,"height":394,"url":"https:\/\/www.sicsoe.fr\/wp-content\/uploads\/2015\/03\/palette_bouteille.jpg","type":"image\/jpeg"}],"twitter_card":"summary_large_image","twitter_misc":{"Tiempo de lectura":"1 minuto"},"schema":{"@context":"https:\/\/schema.org","@graph":[{"@type":"WebPage","@id":"https:\/\/www.sicsoe.fr\/es\/plataforma-de-compras\/materias-secas\/","url":"https:\/\/www.sicsoe.fr\/es\/plataforma-de-compras\/materias-secas\/","name":"Materias secas | SICSOE - Solution Vin Logistique","isPartOf":{"@id":"https:\/\/www.sicsoe.fr\/#website"},"primaryImageOfPage":{"@id":"https:\/\/www.sicsoe.fr\/es\/plataforma-de-compras\/materias-secas\/#primaryimage"},"image":{"@id":"https:\/\/www.sicsoe.fr\/es\/plataforma-de-compras\/materias-secas\/#primaryimage"},"thumbnailUrl":"https:\/\/www.sicsoe.fr\/wp-content\/uploads\/2015\/03\/palette_bouteille.jpg","datePublished":"2017-03-27T12:16:28+00:00","dateModified":"2020-07-23T10:30:22+00:00","description":"Destinadas a los negociantes y propiedades de cualquier tama\u00f1o, la plataforma de compras de materias secas incluye las botellas, cajas de cart\u00f3n,","breadcrumb":{"@id":"https:\/\/www.sicsoe.fr\/es\/plataforma-de-compras\/materias-secas\/#breadcrumb"},"inLanguage":"es","potentialAction":[{"@type":"ReadAction","target":["https:\/\/www.sicsoe.fr\/es\/plataforma-de-compras\/materias-secas\/"]}]},{"@type":"ImageObject","inLanguage":"es","@id":"https:\/\/www.sicsoe.fr\/es\/plataforma-de-compras\/materias-secas\/#primaryimage","url":"https:\/\/www.sicsoe.fr\/wp-content\/uploads\/2015\/03\/palette_bouteille.jpg","contentUrl":"https:\/\/www.sicsoe.fr\/wp-content\/uploads\/2015\/03\/palette_bouteille.jpg","width":595,"height":394,"caption":"Palette bouteille"},{"@type":"BreadcrumbList","@id":"https:\/\/www.sicsoe.fr\/es\/plataforma-de-compras\/materias-secas\/#breadcrumb","itemListElement":[{"@type":"ListItem","position":1,"name":"Home","item":"https:\/\/www.sicsoe.fr\/"},{"@type":"ListItem","position":2,"name":"Plataforma de compras","item":"https:\/\/www.sicsoe.fr\/es\/plataforma-de-compras\/"},{"@type":"ListItem","position":3,"name":"Materias secas"}]},{"@type":"WebSite","@id":"https:\/\/www.sicsoe.fr\/#website","url":"https:\/\/www.sicsoe.fr\/","name":"SICSOE","description":"Soluci\u00f3n Log\u00edstica del Vino","publisher":{"@id":"https:\/\/www.sicsoe.fr\/#organization"},"potentialAction":[{"@type":"SearchAction","target":{"@type":"EntryPoint","urlTemplate":"https:\/\/www.sicsoe.fr\/?s={search_term_string}"},"query-input":{"@type":"PropertyValueSpecification","valueRequired":true,"valueName":"search_term_string"}}],"inLanguage":"es"},{"@type":"Organization","@id":"https:\/\/www.sicsoe.fr\/#organization","name":"Sicsoe","url":"https:\/\/www.sicsoe.fr\/","logo":{"@type":"ImageObject","inLanguage":"es","@id":"https:\/\/www.sicsoe.fr\/#\/schema\/logo\/image\/","url":"https:\/\/www.sicsoe.fr\/wp-content\/uploads\/2015\/03\/default-img-une.jpg","contentUrl":"https:\/\/www.sicsoe.fr\/wp-content\/uploads\/2015\/03\/default-img-une.jpg","width":596,"height":431,"caption":"Sicsoe"},"image":{"@id":"https:\/\/www.sicsoe.fr\/#\/schema\/logo\/image\/"}}]}},"_links":{"self":[{"href":"https:\/\/www.sicsoe.fr\/es\/wp-json\/wp\/v2\/pages\/1057","targetHints":{"allow":["GET"]}}],"collection":[{"href":"https:\/\/www.sicsoe.fr\/es\/wp-json\/wp\/v2\/pages"}],"about":[{"href":"https:\/\/www.sicsoe.fr\/es\/wp-json\/wp\/v2\/types\/page"}],"author":[{"embeddable":true,"href":"https:\/\/www.sicsoe.fr\/es\/wp-json\/wp\/v2\/users\/3"}],"replies":[{"embeddable":true,"href":"https:\/\/www.sicsoe.fr\/es\/wp-json\/wp\/v2\/comments?post=1057"}],"version-history":[{"count":1,"href":"https:\/\/www.sicsoe.fr\/es\/wp-json\/wp\/v2\/pages\/1057\/revisions"}],"predecessor-version":[{"id":1058,"href":"https:\/\/www.sicsoe.fr\/es\/wp-json\/wp\/v2\/pages\/1057\/revisions\/1058"}],"up":[{"embeddable":true,"href":"https:\/\/www.sicsoe.fr\/es\/wp-json\/wp\/v2\/pages\/1055"}],"wp:featuredmedia":[{"embeddable":true,"href":"https:\/\/www.sicsoe.fr\/es\/wp-json\/wp\/v2\/media\/285"}],"wp:attachment":[{"href":"https:\/\/www.sicsoe.fr\/es\/wp-json\/wp\/v2\/media?parent=1057"}],"curies":[{"name":"wp","href":"https:\/\/api.w.org\/{rel}","templated":true}]}}