{"id":1065,"date":"2017-03-27T13:34:39","date_gmt":"2017-03-27T12:34:39","guid":{"rendered":"https:\/\/www.sicsoe.fr\/?page_id=1065\/"},"modified":"2020-07-23T11:27:07","modified_gmt":"2020-07-23T10:27:07","slug":"certificaciones","status":"publish","type":"page","link":"https:\/\/www.sicsoe.fr\/es\/calidad\/certificaciones\/","title":{"rendered":"Certificaciones"},"content":{"rendered":"<h2>CERTIFICACIONES DE CALIDAD<\/h2>\n<p>Pionero del sector en lo relativo a estas iniciativas de gesti\u00f3n por la calidad, SICSOE cuenta con las siguientes certificaciones:<\/p>\n<p><strong>ISO 9001 desde 2007<\/strong><\/p>\n<p>La ISO 9001 es una norma internacional para la certificaci\u00f3n de empresas reconocidas por su gesti\u00f3n con un sistema de Gesti\u00f3n por la Calidad, y apta para satisfacer a sus clientes.<\/p>\n<p>Esta certificaci\u00f3n:<\/p>\n<ul>\n<li>prueba nuestras buenas pr\u00e1cticas de trabajo,<\/li>\n<li>para satisfacer a los clientes,<\/li>\n<li>para controlar nuestra prestaci\u00f3n, las exigencias de los clientes y normativas aplicables.<\/li>\n<\/ul>\n<p>&nbsp;<\/p>\n<p><strong>BRC desde 2008<\/strong> =&gt; grado A<\/p>\n<p>La Norma mundial para la seguridad de los residuos alimentarios, conocida como \u00abBRC\u00bb, es un est\u00e1ndar privado perteneciente a un grupo de distribuidores brit\u00e1nicos (BRC).<\/p>\n<p>Esta certificaci\u00f3n:<\/p>\n<ul>\n<li>se basa en una evaluaci\u00f3n orientada a la seguridad alimentaria de los productos y servicios,<\/li>\n<li>nos permite ser proveedores de la gran distribuci\u00f3n en el mercado brit\u00e1nico, y producir bajo sus marcas de distribuci\u00f3n,<\/li>\n<li>garantiza las condiciones de fabricaci\u00f3n para la comercializaci\u00f3n de productos alimentarios seguros para los consumidores.<\/li>\n<\/ul>\n<p>&nbsp;<\/p>\n<p><strong>IFS desde 2010<\/strong> =&gt; nivel superior (98,5 %)<\/p>\n<p>El IF es un est\u00e1ndar privado, propiedad conjunta de las federaciones de empresas del comercio y la distribuci\u00f3n francesas (FCD) y alemanas (HDE).<\/p>\n<p>Esta certificaci\u00f3n:<\/p>\n<ul>\n<li>se basa en una evaluaci\u00f3n orientada a la calidad, la seguridad y la legalidad de los productos y servicios,<\/li>\n<li>nos permite ser proveedores de la gran distribuci\u00f3n en el mercado franc\u00e9s y alem\u00e1n, y producir bajo sus marcas de distribuci\u00f3n,<\/li>\n<li>confirma a su vez el control del sistema de gesti\u00f3n de calidad y el control sanitario de nuestros procesos.<\/li>\n<\/ul>\n<p>&nbsp;<\/p>\n<p><strong>Agriculture Biologique transformador desde 2010, comprometido desde 2014<\/strong><\/p>\n<p>El distintivo AB permite identificar los productos procedentes de la Agricultura Ecol\u00f3gica. Perteneciente al Ministerio de Agricultura franc\u00e9s, garantiza una forma de producci\u00f3n ecol\u00f3gica que respeta los recursos naturales y las normativas en vigor.<\/p>\n<p>Esta certificaci\u00f3n:<\/p>\n<ul>\n<li>nos habilita para garantizar las prestaciones implicadas en sus vinos ecol\u00f3gicos o en conversi\u00f3n como el ensamblaje, los tratamientos finales, el embotellado, el etiquetado o el almacenamiento,<\/li>\n<li>nos fue otorgado por ECOCERT FR-BIO-01,<\/li>\n<li>nos permite aparecer en el anuario oficial de la Agence Bio como operadores comprometidos con la agricultura ecol\u00f3gica.<\/li>\n<\/ul>\n<p>&nbsp;<\/p>\n<p><strong>ISO 14001 desde 2016<\/strong><\/p>\n<p>La ISO 14001 es una norma internacional creada en 1996 y es la primera norma sobre la gesti\u00f3n medioambiental.<\/p>\n<p>Esta certificaci\u00f3n:<\/p>\n<ul>\n<li>demuestra nuestras buenas pr\u00e1cticas en materia de gesti\u00f3n medioambiental,<\/li>\n<li>nos fue concedida en particular por nuestra calidad de miembro de la primera asociaci\u00f3n SME para el Vino de Burdeos,<\/li>\n<li>para controlar nuestra prestaci\u00f3n, las exigencias de los clientes y normativas aplicables.<\/li>\n<\/ul>\n<p><strong>\u00a0<\/strong><\/p>\n","protected":false},"excerpt":{"rendered":"<p>CERTIFICACIONES DE CALIDAD Pionero del sector en lo relativo a estas iniciativas de gesti\u00f3n por la calidad, SICSOE cuenta con las siguientes certificaciones: ISO 9001&#8230;<\/p>\n","protected":false},"author":3,"featured_media":328,"parent":1061,"menu_order":0,"comment_status":"closed","ping_status":"open","template":"","meta":{"_acf_changed":false,"footnotes":""},"class_list":["post-1065","page","type-page","status-publish","has-post-thumbnail","hentry"],"acf":[],"yoast_head":"<!-- This site is optimized with the Yoast SEO plugin v27.3 - https:\/\/yoast.com\/product\/yoast-seo-wordpress\/ -->\n<title>Certificaciones | SICSOE - Solution Vin Logistique<\/title>\n<meta name=\"description\" content=\"CERTIFICACIONES DE CALIDAD Pionero del sector en lo relativo a estas iniciativas de gesti\u00f3n por la calidad, SICSOE cuenta con las siguientes\" \/>\n<meta name=\"robots\" content=\"index, follow, max-snippet:-1, max-image-preview:large, max-video-preview:-1\" \/>\n<link rel=\"canonical\" href=\"https:\/\/www.sicsoe.fr\/es\/calidad\/certificaciones\/\" \/>\n<meta property=\"og:locale\" content=\"es_ES\" \/>\n<meta property=\"og:type\" content=\"article\" \/>\n<meta property=\"og:title\" content=\"Certificaciones | SICSOE - Solution Vin Logistique\" \/>\n<meta property=\"og:description\" content=\"CERTIFICACIONES DE CALIDAD Pionero del sector en lo relativo a estas iniciativas de gesti\u00f3n por la calidad, SICSOE cuenta con las siguientes\" \/>\n<meta property=\"og:url\" content=\"https:\/\/www.sicsoe.fr\/es\/calidad\/certificaciones\/\" \/>\n<meta property=\"og:site_name\" content=\"SICSOE\" \/>\n<meta property=\"article:modified_time\" content=\"2020-07-23T10:27:07+00:00\" \/>\n<meta property=\"og:image\" content=\"https:\/\/www.sicsoe.fr\/wp-content\/uploads\/2015\/03\/qualite_sicsoe3.jpg\" \/>\n\t<meta property=\"og:image:width\" content=\"595\" \/>\n\t<meta property=\"og:image:height\" content=\"394\" \/>\n\t<meta property=\"og:image:type\" content=\"image\/jpeg\" \/>\n<meta name=\"twitter:card\" content=\"summary_large_image\" \/>\n<meta name=\"twitter:label1\" content=\"Tiempo de lectura\" \/>\n\t<meta name=\"twitter:data1\" content=\"2 minutos\" \/>\n<script type=\"application\/ld+json\" class=\"yoast-schema-graph\">{\"@context\":\"https:\\\/\\\/schema.org\",\"@graph\":[{\"@type\":\"WebPage\",\"@id\":\"https:\\\/\\\/www.sicsoe.fr\\\/es\\\/calidad\\\/certificaciones\\\/\",\"url\":\"https:\\\/\\\/www.sicsoe.fr\\\/es\\\/calidad\\\/certificaciones\\\/\",\"name\":\"Certificaciones | SICSOE - Solution Vin Logistique\",\"isPartOf\":{\"@id\":\"https:\\\/\\\/www.sicsoe.fr\\\/#website\"},\"primaryImageOfPage\":{\"@id\":\"https:\\\/\\\/www.sicsoe.fr\\\/es\\\/calidad\\\/certificaciones\\\/#primaryimage\"},\"image\":{\"@id\":\"https:\\\/\\\/www.sicsoe.fr\\\/es\\\/calidad\\\/certificaciones\\\/#primaryimage\"},\"thumbnailUrl\":\"https:\\\/\\\/www.sicsoe.fr\\\/wp-content\\\/uploads\\\/2015\\\/03\\\/qualite_sicsoe3.jpg\",\"datePublished\":\"2017-03-27T12:34:39+00:00\",\"dateModified\":\"2020-07-23T10:27:07+00:00\",\"description\":\"CERTIFICACIONES DE CALIDAD Pionero del sector en lo relativo a estas iniciativas de gesti\u00f3n por la calidad, SICSOE cuenta con las siguientes\",\"breadcrumb\":{\"@id\":\"https:\\\/\\\/www.sicsoe.fr\\\/es\\\/calidad\\\/certificaciones\\\/#breadcrumb\"},\"inLanguage\":\"es\",\"potentialAction\":[{\"@type\":\"ReadAction\",\"target\":[\"https:\\\/\\\/www.sicsoe.fr\\\/es\\\/calidad\\\/certificaciones\\\/\"]}]},{\"@type\":\"ImageObject\",\"inLanguage\":\"es\",\"@id\":\"https:\\\/\\\/www.sicsoe.fr\\\/es\\\/calidad\\\/certificaciones\\\/#primaryimage\",\"url\":\"https:\\\/\\\/www.sicsoe.fr\\\/wp-content\\\/uploads\\\/2015\\\/03\\\/qualite_sicsoe3.jpg\",\"contentUrl\":\"https:\\\/\\\/www.sicsoe.fr\\\/wp-content\\\/uploads\\\/2015\\\/03\\\/qualite_sicsoe3.jpg\",\"width\":595,\"height\":394,\"caption\":\"Conseil qualit\u00e9\"},{\"@type\":\"BreadcrumbList\",\"@id\":\"https:\\\/\\\/www.sicsoe.fr\\\/es\\\/calidad\\\/certificaciones\\\/#breadcrumb\",\"itemListElement\":[{\"@type\":\"ListItem\",\"position\":1,\"name\":\"Home\",\"item\":\"https:\\\/\\\/www.sicsoe.fr\\\/\"},{\"@type\":\"ListItem\",\"position\":2,\"name\":\"Calidad\",\"item\":\"https:\\\/\\\/www.sicsoe.fr\\\/es\\\/calidad\\\/\"},{\"@type\":\"ListItem\",\"position\":3,\"name\":\"Certificaciones\"}]},{\"@type\":\"WebSite\",\"@id\":\"https:\\\/\\\/www.sicsoe.fr\\\/#website\",\"url\":\"https:\\\/\\\/www.sicsoe.fr\\\/\",\"name\":\"SICSOE\",\"description\":\"Soluci\u00f3n Log\u00edstica del Vino\",\"publisher\":{\"@id\":\"https:\\\/\\\/www.sicsoe.fr\\\/#organization\"},\"potentialAction\":[{\"@type\":\"SearchAction\",\"target\":{\"@type\":\"EntryPoint\",\"urlTemplate\":\"https:\\\/\\\/www.sicsoe.fr\\\/?s={search_term_string}\"},\"query-input\":{\"@type\":\"PropertyValueSpecification\",\"valueRequired\":true,\"valueName\":\"search_term_string\"}}],\"inLanguage\":\"es\"},{\"@type\":\"Organization\",\"@id\":\"https:\\\/\\\/www.sicsoe.fr\\\/#organization\",\"name\":\"Sicsoe\",\"url\":\"https:\\\/\\\/www.sicsoe.fr\\\/\",\"logo\":{\"@type\":\"ImageObject\",\"inLanguage\":\"es\",\"@id\":\"https:\\\/\\\/www.sicsoe.fr\\\/#\\\/schema\\\/logo\\\/image\\\/\",\"url\":\"https:\\\/\\\/www.sicsoe.fr\\\/wp-content\\\/uploads\\\/2015\\\/03\\\/default-img-une.jpg\",\"contentUrl\":\"https:\\\/\\\/www.sicsoe.fr\\\/wp-content\\\/uploads\\\/2015\\\/03\\\/default-img-une.jpg\",\"width\":596,\"height\":431,\"caption\":\"Sicsoe\"},\"image\":{\"@id\":\"https:\\\/\\\/www.sicsoe.fr\\\/#\\\/schema\\\/logo\\\/image\\\/\"}}]}<\/script>\n<!-- \/ Yoast SEO plugin. -->","yoast_head_json":{"title":"Certificaciones | SICSOE - Solution Vin Logistique","description":"CERTIFICACIONES DE CALIDAD Pionero del sector en lo relativo a estas iniciativas de gesti\u00f3n por la calidad, SICSOE cuenta con las siguientes","robots":{"index":"index","follow":"follow","max-snippet":"max-snippet:-1","max-image-preview":"max-image-preview:large","max-video-preview":"max-video-preview:-1"},"canonical":"https:\/\/www.sicsoe.fr\/es\/calidad\/certificaciones\/","og_locale":"es_ES","og_type":"article","og_title":"Certificaciones | SICSOE - Solution Vin Logistique","og_description":"CERTIFICACIONES DE CALIDAD Pionero del sector en lo relativo a estas iniciativas de gesti\u00f3n por la calidad, SICSOE cuenta con las siguientes","og_url":"https:\/\/www.sicsoe.fr\/es\/calidad\/certificaciones\/","og_site_name":"SICSOE","article_modified_time":"2020-07-23T10:27:07+00:00","og_image":[{"width":595,"height":394,"url":"https:\/\/www.sicsoe.fr\/wp-content\/uploads\/2015\/03\/qualite_sicsoe3.jpg","type":"image\/jpeg"}],"twitter_card":"summary_large_image","twitter_misc":{"Tiempo de lectura":"2 minutos"},"schema":{"@context":"https:\/\/schema.org","@graph":[{"@type":"WebPage","@id":"https:\/\/www.sicsoe.fr\/es\/calidad\/certificaciones\/","url":"https:\/\/www.sicsoe.fr\/es\/calidad\/certificaciones\/","name":"Certificaciones | SICSOE - Solution Vin Logistique","isPartOf":{"@id":"https:\/\/www.sicsoe.fr\/#website"},"primaryImageOfPage":{"@id":"https:\/\/www.sicsoe.fr\/es\/calidad\/certificaciones\/#primaryimage"},"image":{"@id":"https:\/\/www.sicsoe.fr\/es\/calidad\/certificaciones\/#primaryimage"},"thumbnailUrl":"https:\/\/www.sicsoe.fr\/wp-content\/uploads\/2015\/03\/qualite_sicsoe3.jpg","datePublished":"2017-03-27T12:34:39+00:00","dateModified":"2020-07-23T10:27:07+00:00","description":"CERTIFICACIONES DE CALIDAD Pionero del sector en lo relativo a estas iniciativas de gesti\u00f3n por la calidad, SICSOE cuenta con las siguientes","breadcrumb":{"@id":"https:\/\/www.sicsoe.fr\/es\/calidad\/certificaciones\/#breadcrumb"},"inLanguage":"es","potentialAction":[{"@type":"ReadAction","target":["https:\/\/www.sicsoe.fr\/es\/calidad\/certificaciones\/"]}]},{"@type":"ImageObject","inLanguage":"es","@id":"https:\/\/www.sicsoe.fr\/es\/calidad\/certificaciones\/#primaryimage","url":"https:\/\/www.sicsoe.fr\/wp-content\/uploads\/2015\/03\/qualite_sicsoe3.jpg","contentUrl":"https:\/\/www.sicsoe.fr\/wp-content\/uploads\/2015\/03\/qualite_sicsoe3.jpg","width":595,"height":394,"caption":"Conseil qualit\u00e9"},{"@type":"BreadcrumbList","@id":"https:\/\/www.sicsoe.fr\/es\/calidad\/certificaciones\/#breadcrumb","itemListElement":[{"@type":"ListItem","position":1,"name":"Home","item":"https:\/\/www.sicsoe.fr\/"},{"@type":"ListItem","position":2,"name":"Calidad","item":"https:\/\/www.sicsoe.fr\/es\/calidad\/"},{"@type":"ListItem","position":3,"name":"Certificaciones"}]},{"@type":"WebSite","@id":"https:\/\/www.sicsoe.fr\/#website","url":"https:\/\/www.sicsoe.fr\/","name":"SICSOE","description":"Soluci\u00f3n Log\u00edstica del Vino","publisher":{"@id":"https:\/\/www.sicsoe.fr\/#organization"},"potentialAction":[{"@type":"SearchAction","target":{"@type":"EntryPoint","urlTemplate":"https:\/\/www.sicsoe.fr\/?s={search_term_string}"},"query-input":{"@type":"PropertyValueSpecification","valueRequired":true,"valueName":"search_term_string"}}],"inLanguage":"es"},{"@type":"Organization","@id":"https:\/\/www.sicsoe.fr\/#organization","name":"Sicsoe","url":"https:\/\/www.sicsoe.fr\/","logo":{"@type":"ImageObject","inLanguage":"es","@id":"https:\/\/www.sicsoe.fr\/#\/schema\/logo\/image\/","url":"https:\/\/www.sicsoe.fr\/wp-content\/uploads\/2015\/03\/default-img-une.jpg","contentUrl":"https:\/\/www.sicsoe.fr\/wp-content\/uploads\/2015\/03\/default-img-une.jpg","width":596,"height":431,"caption":"Sicsoe"},"image":{"@id":"https:\/\/www.sicsoe.fr\/#\/schema\/logo\/image\/"}}]}},"_links":{"self":[{"href":"https:\/\/www.sicsoe.fr\/es\/wp-json\/wp\/v2\/pages\/1065","targetHints":{"allow":["GET"]}}],"collection":[{"href":"https:\/\/www.sicsoe.fr\/es\/wp-json\/wp\/v2\/pages"}],"about":[{"href":"https:\/\/www.sicsoe.fr\/es\/wp-json\/wp\/v2\/types\/page"}],"author":[{"embeddable":true,"href":"https:\/\/www.sicsoe.fr\/es\/wp-json\/wp\/v2\/users\/3"}],"replies":[{"embeddable":true,"href":"https:\/\/www.sicsoe.fr\/es\/wp-json\/wp\/v2\/comments?post=1065"}],"version-history":[{"count":1,"href":"https:\/\/www.sicsoe.fr\/es\/wp-json\/wp\/v2\/pages\/1065\/revisions"}],"predecessor-version":[{"id":1066,"href":"https:\/\/www.sicsoe.fr\/es\/wp-json\/wp\/v2\/pages\/1065\/revisions\/1066"}],"up":[{"embeddable":true,"href":"https:\/\/www.sicsoe.fr\/es\/wp-json\/wp\/v2\/pages\/1061"}],"wp:featuredmedia":[{"embeddable":true,"href":"https:\/\/www.sicsoe.fr\/es\/wp-json\/wp\/v2\/media\/328"}],"wp:attachment":[{"href":"https:\/\/www.sicsoe.fr\/es\/wp-json\/wp\/v2\/media?parent=1065"}],"curies":[{"name":"wp","href":"https:\/\/api.w.org\/{rel}","templated":true}]}}