{"id":1067,"date":"2017-03-27T13:39:39","date_gmt":"2017-03-27T12:39:39","guid":{"rendered":"https:\/\/www.sicsoe.fr\/?page_id=1067\/"},"modified":"2020-07-23T11:28:11","modified_gmt":"2020-07-23T10:28:11","slug":"medio-ambiente","status":"publish","type":"page","link":"https:\/\/www.sicsoe.fr\/es\/calidad\/medio-ambiente\/","title":{"rendered":"Medio ambiente"},"content":{"rendered":"<h2>MEDIO AMBIENTE<\/h2>\n<p>En colaboraci\u00f3n con la Direcci\u00f3n Departamental de Protecci\u00f3n de Poblaciones (DDPP) y la Direcci\u00f3n Departamental de los Territorios y el Mar (DDTM), y la Agencia del agua, SICSOE ampli\u00f3 su estaci\u00f3n depuradora en 2012 y se moderniz\u00f3 con el equipamiento de un nuevo sistema de tratamientos de sus residuos (tratamiento de membrana) y se profesionaliz\u00f3 para orientarse paso a paso hacia una pol\u00edtica de compromiso y progreso.<\/p>\n<p>&nbsp;<\/p>\n<p>En efecto, adem\u00e1s del respeto de la legislaci\u00f3n y las normativas, SICSOE est\u00e1 obligado a <strong>controlar los riesgos y proteger el medio ambiente en el presente y para el futuro.<\/strong><\/p>\n<p>&nbsp;<\/p>\n<p>Con el proyecto de certificaci\u00f3n ISO 14001, SICSOE apuesta por la <strong>mejora permanente de sus rendimientos medioambientales<\/strong> para el control de la clasificaci\u00f3n de los residuos, sus vertidos y tomas en el medio natural y el conjunto de sus consumos.<\/p>\n<p>&nbsp;<\/p>\n","protected":false},"excerpt":{"rendered":"<p>MEDIO AMBIENTE En colaboraci\u00f3n con la Direcci\u00f3n Departamental de Protecci\u00f3n de Poblaciones (DDPP) y la Direcci\u00f3n Departamental de los Territorios y el Mar (DDTM), y&#8230;<\/p>\n","protected":false},"author":3,"featured_media":489,"parent":1061,"menu_order":0,"comment_status":"closed","ping_status":"open","template":"","meta":{"_acf_changed":false,"footnotes":""},"class_list":["post-1067","page","type-page","status-publish","has-post-thumbnail","hentry"],"acf":[],"yoast_head":"<!-- This site is optimized with the Yoast SEO plugin v27.5 - https:\/\/yoast.com\/product\/yoast-seo-wordpress\/ -->\n<title>Medio ambiente | SICSOE - Solution Vin Logistique<\/title>\n<meta name=\"description\" content=\"MEDIO AMBIENTE En colaboraci\u00f3n con la Direcci\u00f3n Departamental de Protecci\u00f3n de Poblaciones (DDPP) y la Direcci\u00f3n Departamental de los Territorios y el Mar\" \/>\n<meta name=\"robots\" content=\"index, follow, max-snippet:-1, max-image-preview:large, max-video-preview:-1\" \/>\n<link rel=\"canonical\" href=\"https:\/\/www.sicsoe.fr\/es\/calidad\/medio-ambiente\/\" \/>\n<meta property=\"og:locale\" content=\"es_ES\" \/>\n<meta property=\"og:type\" content=\"article\" \/>\n<meta property=\"og:title\" content=\"Medio ambiente | SICSOE - Solution Vin Logistique\" \/>\n<meta property=\"og:description\" content=\"MEDIO AMBIENTE En colaboraci\u00f3n con la Direcci\u00f3n Departamental de Protecci\u00f3n de Poblaciones (DDPP) y la Direcci\u00f3n Departamental de los Territorios y el Mar\" \/>\n<meta property=\"og:url\" content=\"https:\/\/www.sicsoe.fr\/es\/calidad\/medio-ambiente\/\" \/>\n<meta property=\"og:site_name\" content=\"SICSOE\" \/>\n<meta property=\"article:modified_time\" content=\"2020-07-23T10:28:11+00:00\" \/>\n<meta property=\"og:image\" content=\"https:\/\/www.sicsoe.fr\/wp-content\/uploads\/2015\/03\/sicsoe_environnement.jpg\" \/>\n\t<meta property=\"og:image:width\" content=\"1000\" \/>\n\t<meta property=\"og:image:height\" content=\"667\" \/>\n\t<meta property=\"og:image:type\" content=\"image\/jpeg\" \/>\n<meta name=\"twitter:card\" content=\"summary_large_image\" \/>\n<meta name=\"twitter:label1\" content=\"Tiempo de lectura\" \/>\n\t<meta name=\"twitter:data1\" content=\"1 minuto\" \/>\n<script type=\"application\/ld+json\" class=\"yoast-schema-graph\">{\"@context\":\"https:\\\/\\\/schema.org\",\"@graph\":[{\"@type\":\"WebPage\",\"@id\":\"https:\\\/\\\/www.sicsoe.fr\\\/es\\\/calidad\\\/medio-ambiente\\\/\",\"url\":\"https:\\\/\\\/www.sicsoe.fr\\\/es\\\/calidad\\\/medio-ambiente\\\/\",\"name\":\"Medio ambiente | SICSOE - Solution Vin Logistique\",\"isPartOf\":{\"@id\":\"https:\\\/\\\/www.sicsoe.fr\\\/#website\"},\"primaryImageOfPage\":{\"@id\":\"https:\\\/\\\/www.sicsoe.fr\\\/es\\\/calidad\\\/medio-ambiente\\\/#primaryimage\"},\"image\":{\"@id\":\"https:\\\/\\\/www.sicsoe.fr\\\/es\\\/calidad\\\/medio-ambiente\\\/#primaryimage\"},\"thumbnailUrl\":\"https:\\\/\\\/www.sicsoe.fr\\\/wp-content\\\/uploads\\\/2015\\\/03\\\/sicsoe_environnement.jpg\",\"datePublished\":\"2017-03-27T12:39:39+00:00\",\"dateModified\":\"2020-07-23T10:28:11+00:00\",\"description\":\"MEDIO AMBIENTE En colaboraci\u00f3n con la Direcci\u00f3n Departamental de Protecci\u00f3n de Poblaciones (DDPP) y la Direcci\u00f3n Departamental de los Territorios y el Mar\",\"breadcrumb\":{\"@id\":\"https:\\\/\\\/www.sicsoe.fr\\\/es\\\/calidad\\\/medio-ambiente\\\/#breadcrumb\"},\"inLanguage\":\"es\",\"potentialAction\":[{\"@type\":\"ReadAction\",\"target\":[\"https:\\\/\\\/www.sicsoe.fr\\\/es\\\/calidad\\\/medio-ambiente\\\/\"]}]},{\"@type\":\"ImageObject\",\"inLanguage\":\"es\",\"@id\":\"https:\\\/\\\/www.sicsoe.fr\\\/es\\\/calidad\\\/medio-ambiente\\\/#primaryimage\",\"url\":\"https:\\\/\\\/www.sicsoe.fr\\\/wp-content\\\/uploads\\\/2015\\\/03\\\/sicsoe_environnement.jpg\",\"contentUrl\":\"https:\\\/\\\/www.sicsoe.fr\\\/wp-content\\\/uploads\\\/2015\\\/03\\\/sicsoe_environnement.jpg\",\"width\":1000,\"height\":667},{\"@type\":\"BreadcrumbList\",\"@id\":\"https:\\\/\\\/www.sicsoe.fr\\\/es\\\/calidad\\\/medio-ambiente\\\/#breadcrumb\",\"itemListElement\":[{\"@type\":\"ListItem\",\"position\":1,\"name\":\"Home\",\"item\":\"https:\\\/\\\/www.sicsoe.fr\\\/\"},{\"@type\":\"ListItem\",\"position\":2,\"name\":\"Calidad\",\"item\":\"https:\\\/\\\/www.sicsoe.fr\\\/es\\\/calidad\\\/\"},{\"@type\":\"ListItem\",\"position\":3,\"name\":\"Medio ambiente\"}]},{\"@type\":\"WebSite\",\"@id\":\"https:\\\/\\\/www.sicsoe.fr\\\/#website\",\"url\":\"https:\\\/\\\/www.sicsoe.fr\\\/\",\"name\":\"SICSOE\",\"description\":\"Soluci\u00f3n Log\u00edstica del Vino\",\"publisher\":{\"@id\":\"https:\\\/\\\/www.sicsoe.fr\\\/#organization\"},\"potentialAction\":[{\"@type\":\"SearchAction\",\"target\":{\"@type\":\"EntryPoint\",\"urlTemplate\":\"https:\\\/\\\/www.sicsoe.fr\\\/?s={search_term_string}\"},\"query-input\":{\"@type\":\"PropertyValueSpecification\",\"valueRequired\":true,\"valueName\":\"search_term_string\"}}],\"inLanguage\":\"es\"},{\"@type\":\"Organization\",\"@id\":\"https:\\\/\\\/www.sicsoe.fr\\\/#organization\",\"name\":\"Sicsoe\",\"url\":\"https:\\\/\\\/www.sicsoe.fr\\\/\",\"logo\":{\"@type\":\"ImageObject\",\"inLanguage\":\"es\",\"@id\":\"https:\\\/\\\/www.sicsoe.fr\\\/#\\\/schema\\\/logo\\\/image\\\/\",\"url\":\"https:\\\/\\\/www.sicsoe.fr\\\/wp-content\\\/uploads\\\/2015\\\/03\\\/default-img-une.jpg\",\"contentUrl\":\"https:\\\/\\\/www.sicsoe.fr\\\/wp-content\\\/uploads\\\/2015\\\/03\\\/default-img-une.jpg\",\"width\":596,\"height\":431,\"caption\":\"Sicsoe\"},\"image\":{\"@id\":\"https:\\\/\\\/www.sicsoe.fr\\\/#\\\/schema\\\/logo\\\/image\\\/\"}}]}<\/script>\n<!-- \/ Yoast SEO plugin. -->","yoast_head_json":{"title":"Medio ambiente | SICSOE - Solution Vin Logistique","description":"MEDIO AMBIENTE En colaboraci\u00f3n con la Direcci\u00f3n Departamental de Protecci\u00f3n de Poblaciones (DDPP) y la Direcci\u00f3n Departamental de los Territorios y el Mar","robots":{"index":"index","follow":"follow","max-snippet":"max-snippet:-1","max-image-preview":"max-image-preview:large","max-video-preview":"max-video-preview:-1"},"canonical":"https:\/\/www.sicsoe.fr\/es\/calidad\/medio-ambiente\/","og_locale":"es_ES","og_type":"article","og_title":"Medio ambiente | SICSOE - Solution Vin Logistique","og_description":"MEDIO AMBIENTE En colaboraci\u00f3n con la Direcci\u00f3n Departamental de Protecci\u00f3n de Poblaciones (DDPP) y la Direcci\u00f3n Departamental de los Territorios y el Mar","og_url":"https:\/\/www.sicsoe.fr\/es\/calidad\/medio-ambiente\/","og_site_name":"SICSOE","article_modified_time":"2020-07-23T10:28:11+00:00","og_image":[{"width":1000,"height":667,"url":"https:\/\/www.sicsoe.fr\/wp-content\/uploads\/2015\/03\/sicsoe_environnement.jpg","type":"image\/jpeg"}],"twitter_card":"summary_large_image","twitter_misc":{"Tiempo de lectura":"1 minuto"},"schema":{"@context":"https:\/\/schema.org","@graph":[{"@type":"WebPage","@id":"https:\/\/www.sicsoe.fr\/es\/calidad\/medio-ambiente\/","url":"https:\/\/www.sicsoe.fr\/es\/calidad\/medio-ambiente\/","name":"Medio ambiente | SICSOE - Solution Vin Logistique","isPartOf":{"@id":"https:\/\/www.sicsoe.fr\/#website"},"primaryImageOfPage":{"@id":"https:\/\/www.sicsoe.fr\/es\/calidad\/medio-ambiente\/#primaryimage"},"image":{"@id":"https:\/\/www.sicsoe.fr\/es\/calidad\/medio-ambiente\/#primaryimage"},"thumbnailUrl":"https:\/\/www.sicsoe.fr\/wp-content\/uploads\/2015\/03\/sicsoe_environnement.jpg","datePublished":"2017-03-27T12:39:39+00:00","dateModified":"2020-07-23T10:28:11+00:00","description":"MEDIO AMBIENTE En colaboraci\u00f3n con la Direcci\u00f3n Departamental de Protecci\u00f3n de Poblaciones (DDPP) y la Direcci\u00f3n Departamental de los Territorios y el Mar","breadcrumb":{"@id":"https:\/\/www.sicsoe.fr\/es\/calidad\/medio-ambiente\/#breadcrumb"},"inLanguage":"es","potentialAction":[{"@type":"ReadAction","target":["https:\/\/www.sicsoe.fr\/es\/calidad\/medio-ambiente\/"]}]},{"@type":"ImageObject","inLanguage":"es","@id":"https:\/\/www.sicsoe.fr\/es\/calidad\/medio-ambiente\/#primaryimage","url":"https:\/\/www.sicsoe.fr\/wp-content\/uploads\/2015\/03\/sicsoe_environnement.jpg","contentUrl":"https:\/\/www.sicsoe.fr\/wp-content\/uploads\/2015\/03\/sicsoe_environnement.jpg","width":1000,"height":667},{"@type":"BreadcrumbList","@id":"https:\/\/www.sicsoe.fr\/es\/calidad\/medio-ambiente\/#breadcrumb","itemListElement":[{"@type":"ListItem","position":1,"name":"Home","item":"https:\/\/www.sicsoe.fr\/"},{"@type":"ListItem","position":2,"name":"Calidad","item":"https:\/\/www.sicsoe.fr\/es\/calidad\/"},{"@type":"ListItem","position":3,"name":"Medio ambiente"}]},{"@type":"WebSite","@id":"https:\/\/www.sicsoe.fr\/#website","url":"https:\/\/www.sicsoe.fr\/","name":"SICSOE","description":"Soluci\u00f3n Log\u00edstica del Vino","publisher":{"@id":"https:\/\/www.sicsoe.fr\/#organization"},"potentialAction":[{"@type":"SearchAction","target":{"@type":"EntryPoint","urlTemplate":"https:\/\/www.sicsoe.fr\/?s={search_term_string}"},"query-input":{"@type":"PropertyValueSpecification","valueRequired":true,"valueName":"search_term_string"}}],"inLanguage":"es"},{"@type":"Organization","@id":"https:\/\/www.sicsoe.fr\/#organization","name":"Sicsoe","url":"https:\/\/www.sicsoe.fr\/","logo":{"@type":"ImageObject","inLanguage":"es","@id":"https:\/\/www.sicsoe.fr\/#\/schema\/logo\/image\/","url":"https:\/\/www.sicsoe.fr\/wp-content\/uploads\/2015\/03\/default-img-une.jpg","contentUrl":"https:\/\/www.sicsoe.fr\/wp-content\/uploads\/2015\/03\/default-img-une.jpg","width":596,"height":431,"caption":"Sicsoe"},"image":{"@id":"https:\/\/www.sicsoe.fr\/#\/schema\/logo\/image\/"}}]}},"_links":{"self":[{"href":"https:\/\/www.sicsoe.fr\/es\/wp-json\/wp\/v2\/pages\/1067","targetHints":{"allow":["GET"]}}],"collection":[{"href":"https:\/\/www.sicsoe.fr\/es\/wp-json\/wp\/v2\/pages"}],"about":[{"href":"https:\/\/www.sicsoe.fr\/es\/wp-json\/wp\/v2\/types\/page"}],"author":[{"embeddable":true,"href":"https:\/\/www.sicsoe.fr\/es\/wp-json\/wp\/v2\/users\/3"}],"replies":[{"embeddable":true,"href":"https:\/\/www.sicsoe.fr\/es\/wp-json\/wp\/v2\/comments?post=1067"}],"version-history":[{"count":1,"href":"https:\/\/www.sicsoe.fr\/es\/wp-json\/wp\/v2\/pages\/1067\/revisions"}],"predecessor-version":[{"id":1068,"href":"https:\/\/www.sicsoe.fr\/es\/wp-json\/wp\/v2\/pages\/1067\/revisions\/1068"}],"up":[{"embeddable":true,"href":"https:\/\/www.sicsoe.fr\/es\/wp-json\/wp\/v2\/pages\/1061"}],"wp:featuredmedia":[{"embeddable":true,"href":"https:\/\/www.sicsoe.fr\/es\/wp-json\/wp\/v2\/media\/489"}],"wp:attachment":[{"href":"https:\/\/www.sicsoe.fr\/es\/wp-json\/wp\/v2\/media?parent=1067"}],"curies":[{"name":"wp","href":"https:\/\/api.w.org\/{rel}","templated":true}]}}