{"id":978,"date":"2017-03-24T14:45:31","date_gmt":"2017-03-24T13:45:31","guid":{"rendered":"https:\/\/www.sicsoe.fr\/?page_id=978\/"},"modified":"2017-04-26T13:08:51","modified_gmt":"2017-04-26T12:08:51","slug":"historia","status":"publish","type":"page","link":"https:\/\/www.sicsoe.fr\/es\/quienes-somos\/historia\/","title":{"rendered":"Historia"},"content":{"rendered":"<blockquote><p><em>\u00abFueron los hombres de ayer quienes crearon la empresa de hoy\u00bb <a href=\"https:\/\/www.sicsoe.fr\/es\/falou-la-memoria-de-sicsoe\/\">Falou, carretillero en Sicsoe desde 1994.<\/a><\/em><\/p>\n<p><em>\u00abHaber colaborado en la consolidaci\u00f3n de Sicsoe es todo un orgullo. Este reto nos ha permitido evolucionar al mismo tiempo\u00bb <a href=\"https:\/\/www.sicsoe.fr\/es\/christophe-passebon-el-rostro-de-la-logistica-vitivinicola\/\">Christophe Passebon, jefe de log\u00edstica en Sicsoe desde 1993<\/a>.<\/em><\/p><\/blockquote>\n<h2>SICSOE:<\/h2>\n<p>Un proveedor de servicios para las propiedades y los negociantes de vino, creado en 1985 que emplea a 65 personas a las puertas de Burdeos.<\/p>\n<p>Desde hace m\u00e1s de 30 a\u00f1os, <strong>desarrollamos prestaciones de servicios para el sector vitivin\u00edcola para los negociantes y propiedades.<\/strong><\/p>\n<p>Creada en Floirac (Gironda), <strong>la empresa de log\u00edstica traslad\u00f3<\/strong> en 2002 todos sus servicios a C\u00e9nac, en la regi\u00f3n de Entre-deux-Mers. Este hecho supuso un aut\u00e9ntico punto de inflexi\u00f3n en el proceso de consolidaci\u00f3n en el sector para SICSOE.<\/p>\n<p>Se realizaron inversiones sin precedentes que permitieron lograr un nivel de servicio y de las capacidades log\u00edsticas de <a href=\"https:\/\/www.sicsoe.fr\/es\/tres-preguntas-a-dominique-lafuge-chateau-chasse-spleen-moulis-en-medoc\/\">primer orden<\/a>. Trabajamos con cerca de <strong>800.000 hectolitros<\/strong> al a\u00f1o en nuestros <strong>locales de alto rendimiento.<\/strong><\/p>\n<p><strong>En la actualidad<\/strong>, nuestros cuatro polos de actividad (<strong><a href=\"https:\/\/www.sicsoe.fr\/es\/vin-cuverie\/\">Vino-cuber\u00eda<\/a>, <a href=\"https:\/\/www.sicsoe.fr\/es\/embotellado\/\">Embotellado<\/a>, <a href=\"https:\/\/www.sicsoe.fr\/es\/logistica\/\">Log\u00edstica<\/a> y <a href=\"https:\/\/www.sicsoe.fr\/es\/plataforma-de-compras\/\">Plataforma de compras<\/a><\/strong>) nos permiten proponer una <strong>oferta completa a nuestros clientes<\/strong>. Desde la recepci\u00f3n a la expedici\u00f3n, con soluciones llave en mano.<\/p>\n<p><strong>En nuestro centro de C\u00e9nac, en Gironda, nuestras prestaciones van unidas a valores sencillos en los que creemos: la escucha para un <a href=\"https:\/\/www.sicsoe.fr\/es\/quienes-somos\/en-la-actualidad\/\">servicio<\/a> de atenci\u00f3n al cliente adaptado y personalizado, la adquisici\u00f3n de competencias en valores de nuestro personal, el respeto y el cuidado prestado a cada vino que se nos ha confiado, asociado a un alto rendimiento t\u00e9cnico.<\/strong><\/p>\n","protected":false},"excerpt":{"rendered":"<p>\u00abFueron los hombres de ayer quienes crearon la empresa de hoy\u00bb Falou, carretillero en Sicsoe desde 1994. \u00abHaber colaborado en la consolidaci\u00f3n de Sicsoe es&#8230;<\/p>\n","protected":false},"author":3,"featured_media":452,"parent":975,"menu_order":0,"comment_status":"closed","ping_status":"open","template":"templates\/template-page-sans-chiffres.php","meta":{"_acf_changed":false,"footnotes":""},"class_list":["post-978","page","type-page","status-publish","has-post-thumbnail","hentry"],"acf":[],"yoast_head":"<!-- This site is optimized with the Yoast SEO plugin v27.4 - https:\/\/yoast.com\/product\/yoast-seo-wordpress\/ -->\n<title>Historia | SICSOE - Solution Vin Logistique<\/title>\n<meta name=\"description\" content=\"\u00abFueron los hombres de ayer quienes crearon la empresa de hoy\u00bb Falou, carretillero en Sicsoe desde 1994. \u00abHaber colaborado en la consolidaci\u00f3n de Sicsoe\" \/>\n<meta name=\"robots\" content=\"index, follow, max-snippet:-1, max-image-preview:large, max-video-preview:-1\" \/>\n<link rel=\"canonical\" href=\"https:\/\/www.sicsoe.fr\/es\/quienes-somos\/historia\/\" \/>\n<meta property=\"og:locale\" content=\"es_ES\" \/>\n<meta property=\"og:type\" content=\"article\" \/>\n<meta property=\"og:title\" content=\"Historia | SICSOE - Solution Vin Logistique\" \/>\n<meta property=\"og:description\" content=\"\u00abFueron los hombres de ayer quienes crearon la empresa de hoy\u00bb Falou, carretillero en Sicsoe desde 1994. \u00abHaber colaborado en la consolidaci\u00f3n de Sicsoe\" \/>\n<meta property=\"og:url\" content=\"https:\/\/www.sicsoe.fr\/es\/quienes-somos\/historia\/\" \/>\n<meta property=\"og:site_name\" content=\"SICSOE\" \/>\n<meta property=\"article:modified_time\" content=\"2017-04-26T12:08:51+00:00\" \/>\n<meta property=\"og:image\" content=\"https:\/\/www.sicsoe.fr\/wp-content\/uploads\/2015\/05\/historique2.jpg\" \/>\n\t<meta property=\"og:image:width\" content=\"1000\" \/>\n\t<meta property=\"og:image:height\" content=\"667\" \/>\n\t<meta property=\"og:image:type\" content=\"image\/jpeg\" \/>\n<meta name=\"twitter:card\" content=\"summary_large_image\" \/>\n<meta name=\"twitter:label1\" content=\"Tiempo de lectura\" \/>\n\t<meta name=\"twitter:data1\" content=\"1 minuto\" \/>\n<script type=\"application\/ld+json\" class=\"yoast-schema-graph\">{\"@context\":\"https:\\\/\\\/schema.org\",\"@graph\":[{\"@type\":\"WebPage\",\"@id\":\"https:\\\/\\\/www.sicsoe.fr\\\/es\\\/quienes-somos\\\/historia\\\/\",\"url\":\"https:\\\/\\\/www.sicsoe.fr\\\/es\\\/quienes-somos\\\/historia\\\/\",\"name\":\"Historia | SICSOE - Solution Vin Logistique\",\"isPartOf\":{\"@id\":\"https:\\\/\\\/www.sicsoe.fr\\\/#website\"},\"primaryImageOfPage\":{\"@id\":\"https:\\\/\\\/www.sicsoe.fr\\\/es\\\/quienes-somos\\\/historia\\\/#primaryimage\"},\"image\":{\"@id\":\"https:\\\/\\\/www.sicsoe.fr\\\/es\\\/quienes-somos\\\/historia\\\/#primaryimage\"},\"thumbnailUrl\":\"https:\\\/\\\/www.sicsoe.fr\\\/wp-content\\\/uploads\\\/2015\\\/05\\\/historique2.jpg\",\"datePublished\":\"2017-03-24T13:45:31+00:00\",\"dateModified\":\"2017-04-26T12:08:51+00:00\",\"description\":\"\u00abFueron los hombres de ayer quienes crearon la empresa de hoy\u00bb Falou, carretillero en Sicsoe desde 1994. \u00abHaber colaborado en la consolidaci\u00f3n de Sicsoe\",\"breadcrumb\":{\"@id\":\"https:\\\/\\\/www.sicsoe.fr\\\/es\\\/quienes-somos\\\/historia\\\/#breadcrumb\"},\"inLanguage\":\"es\",\"potentialAction\":[{\"@type\":\"ReadAction\",\"target\":[\"https:\\\/\\\/www.sicsoe.fr\\\/es\\\/quienes-somos\\\/historia\\\/\"]}]},{\"@type\":\"ImageObject\",\"inLanguage\":\"es\",\"@id\":\"https:\\\/\\\/www.sicsoe.fr\\\/es\\\/quienes-somos\\\/historia\\\/#primaryimage\",\"url\":\"https:\\\/\\\/www.sicsoe.fr\\\/wp-content\\\/uploads\\\/2015\\\/05\\\/historique2.jpg\",\"contentUrl\":\"https:\\\/\\\/www.sicsoe.fr\\\/wp-content\\\/uploads\\\/2015\\\/05\\\/historique2.jpg\",\"width\":1000,\"height\":667},{\"@type\":\"BreadcrumbList\",\"@id\":\"https:\\\/\\\/www.sicsoe.fr\\\/es\\\/quienes-somos\\\/historia\\\/#breadcrumb\",\"itemListElement\":[{\"@type\":\"ListItem\",\"position\":1,\"name\":\"Home\",\"item\":\"https:\\\/\\\/www.sicsoe.fr\\\/\"},{\"@type\":\"ListItem\",\"position\":2,\"name\":\"\u00bfQui\u00e9nes somos?\",\"item\":\"https:\\\/\\\/www.sicsoe.fr\\\/es\\\/quienes-somos\\\/\"},{\"@type\":\"ListItem\",\"position\":3,\"name\":\"Historia\"}]},{\"@type\":\"WebSite\",\"@id\":\"https:\\\/\\\/www.sicsoe.fr\\\/#website\",\"url\":\"https:\\\/\\\/www.sicsoe.fr\\\/\",\"name\":\"SICSOE\",\"description\":\"Soluci\u00f3n Log\u00edstica del Vino\",\"publisher\":{\"@id\":\"https:\\\/\\\/www.sicsoe.fr\\\/#organization\"},\"potentialAction\":[{\"@type\":\"SearchAction\",\"target\":{\"@type\":\"EntryPoint\",\"urlTemplate\":\"https:\\\/\\\/www.sicsoe.fr\\\/?s={search_term_string}\"},\"query-input\":{\"@type\":\"PropertyValueSpecification\",\"valueRequired\":true,\"valueName\":\"search_term_string\"}}],\"inLanguage\":\"es\"},{\"@type\":\"Organization\",\"@id\":\"https:\\\/\\\/www.sicsoe.fr\\\/#organization\",\"name\":\"Sicsoe\",\"url\":\"https:\\\/\\\/www.sicsoe.fr\\\/\",\"logo\":{\"@type\":\"ImageObject\",\"inLanguage\":\"es\",\"@id\":\"https:\\\/\\\/www.sicsoe.fr\\\/#\\\/schema\\\/logo\\\/image\\\/\",\"url\":\"https:\\\/\\\/www.sicsoe.fr\\\/wp-content\\\/uploads\\\/2015\\\/03\\\/default-img-une.jpg\",\"contentUrl\":\"https:\\\/\\\/www.sicsoe.fr\\\/wp-content\\\/uploads\\\/2015\\\/03\\\/default-img-une.jpg\",\"width\":596,\"height\":431,\"caption\":\"Sicsoe\"},\"image\":{\"@id\":\"https:\\\/\\\/www.sicsoe.fr\\\/#\\\/schema\\\/logo\\\/image\\\/\"}}]}<\/script>\n<!-- \/ Yoast SEO plugin. -->","yoast_head_json":{"title":"Historia | SICSOE - Solution Vin Logistique","description":"\u00abFueron los hombres de ayer quienes crearon la empresa de hoy\u00bb Falou, carretillero en Sicsoe desde 1994. \u00abHaber colaborado en la consolidaci\u00f3n de Sicsoe","robots":{"index":"index","follow":"follow","max-snippet":"max-snippet:-1","max-image-preview":"max-image-preview:large","max-video-preview":"max-video-preview:-1"},"canonical":"https:\/\/www.sicsoe.fr\/es\/quienes-somos\/historia\/","og_locale":"es_ES","og_type":"article","og_title":"Historia | SICSOE - Solution Vin Logistique","og_description":"\u00abFueron los hombres de ayer quienes crearon la empresa de hoy\u00bb Falou, carretillero en Sicsoe desde 1994. \u00abHaber colaborado en la consolidaci\u00f3n de Sicsoe","og_url":"https:\/\/www.sicsoe.fr\/es\/quienes-somos\/historia\/","og_site_name":"SICSOE","article_modified_time":"2017-04-26T12:08:51+00:00","og_image":[{"width":1000,"height":667,"url":"https:\/\/www.sicsoe.fr\/wp-content\/uploads\/2015\/05\/historique2.jpg","type":"image\/jpeg"}],"twitter_card":"summary_large_image","twitter_misc":{"Tiempo de lectura":"1 minuto"},"schema":{"@context":"https:\/\/schema.org","@graph":[{"@type":"WebPage","@id":"https:\/\/www.sicsoe.fr\/es\/quienes-somos\/historia\/","url":"https:\/\/www.sicsoe.fr\/es\/quienes-somos\/historia\/","name":"Historia | SICSOE - Solution Vin Logistique","isPartOf":{"@id":"https:\/\/www.sicsoe.fr\/#website"},"primaryImageOfPage":{"@id":"https:\/\/www.sicsoe.fr\/es\/quienes-somos\/historia\/#primaryimage"},"image":{"@id":"https:\/\/www.sicsoe.fr\/es\/quienes-somos\/historia\/#primaryimage"},"thumbnailUrl":"https:\/\/www.sicsoe.fr\/wp-content\/uploads\/2015\/05\/historique2.jpg","datePublished":"2017-03-24T13:45:31+00:00","dateModified":"2017-04-26T12:08:51+00:00","description":"\u00abFueron los hombres de ayer quienes crearon la empresa de hoy\u00bb Falou, carretillero en Sicsoe desde 1994. \u00abHaber colaborado en la consolidaci\u00f3n de Sicsoe","breadcrumb":{"@id":"https:\/\/www.sicsoe.fr\/es\/quienes-somos\/historia\/#breadcrumb"},"inLanguage":"es","potentialAction":[{"@type":"ReadAction","target":["https:\/\/www.sicsoe.fr\/es\/quienes-somos\/historia\/"]}]},{"@type":"ImageObject","inLanguage":"es","@id":"https:\/\/www.sicsoe.fr\/es\/quienes-somos\/historia\/#primaryimage","url":"https:\/\/www.sicsoe.fr\/wp-content\/uploads\/2015\/05\/historique2.jpg","contentUrl":"https:\/\/www.sicsoe.fr\/wp-content\/uploads\/2015\/05\/historique2.jpg","width":1000,"height":667},{"@type":"BreadcrumbList","@id":"https:\/\/www.sicsoe.fr\/es\/quienes-somos\/historia\/#breadcrumb","itemListElement":[{"@type":"ListItem","position":1,"name":"Home","item":"https:\/\/www.sicsoe.fr\/"},{"@type":"ListItem","position":2,"name":"\u00bfQui\u00e9nes somos?","item":"https:\/\/www.sicsoe.fr\/es\/quienes-somos\/"},{"@type":"ListItem","position":3,"name":"Historia"}]},{"@type":"WebSite","@id":"https:\/\/www.sicsoe.fr\/#website","url":"https:\/\/www.sicsoe.fr\/","name":"SICSOE","description":"Soluci\u00f3n Log\u00edstica del Vino","publisher":{"@id":"https:\/\/www.sicsoe.fr\/#organization"},"potentialAction":[{"@type":"SearchAction","target":{"@type":"EntryPoint","urlTemplate":"https:\/\/www.sicsoe.fr\/?s={search_term_string}"},"query-input":{"@type":"PropertyValueSpecification","valueRequired":true,"valueName":"search_term_string"}}],"inLanguage":"es"},{"@type":"Organization","@id":"https:\/\/www.sicsoe.fr\/#organization","name":"Sicsoe","url":"https:\/\/www.sicsoe.fr\/","logo":{"@type":"ImageObject","inLanguage":"es","@id":"https:\/\/www.sicsoe.fr\/#\/schema\/logo\/image\/","url":"https:\/\/www.sicsoe.fr\/wp-content\/uploads\/2015\/03\/default-img-une.jpg","contentUrl":"https:\/\/www.sicsoe.fr\/wp-content\/uploads\/2015\/03\/default-img-une.jpg","width":596,"height":431,"caption":"Sicsoe"},"image":{"@id":"https:\/\/www.sicsoe.fr\/#\/schema\/logo\/image\/"}}]}},"_links":{"self":[{"href":"https:\/\/www.sicsoe.fr\/es\/wp-json\/wp\/v2\/pages\/978","targetHints":{"allow":["GET"]}}],"collection":[{"href":"https:\/\/www.sicsoe.fr\/es\/wp-json\/wp\/v2\/pages"}],"about":[{"href":"https:\/\/www.sicsoe.fr\/es\/wp-json\/wp\/v2\/types\/page"}],"author":[{"embeddable":true,"href":"https:\/\/www.sicsoe.fr\/es\/wp-json\/wp\/v2\/users\/3"}],"replies":[{"embeddable":true,"href":"https:\/\/www.sicsoe.fr\/es\/wp-json\/wp\/v2\/comments?post=978"}],"version-history":[{"count":4,"href":"https:\/\/www.sicsoe.fr\/es\/wp-json\/wp\/v2\/pages\/978\/revisions"}],"predecessor-version":[{"id":1268,"href":"https:\/\/www.sicsoe.fr\/es\/wp-json\/wp\/v2\/pages\/978\/revisions\/1268"}],"up":[{"embeddable":true,"href":"https:\/\/www.sicsoe.fr\/es\/wp-json\/wp\/v2\/pages\/975"}],"wp:featuredmedia":[{"embeddable":true,"href":"https:\/\/www.sicsoe.fr\/es\/wp-json\/wp\/v2\/media\/452"}],"wp:attachment":[{"href":"https:\/\/www.sicsoe.fr\/es\/wp-json\/wp\/v2\/media?parent=978"}],"curies":[{"name":"wp","href":"https:\/\/api.w.org\/{rel}","templated":true}]}}