{"id":980,"date":"2017-03-24T14:54:24","date_gmt":"2017-03-24T13:54:24","guid":{"rendered":"https:\/\/www.sicsoe.fr\/?page_id=980\/"},"modified":"2020-09-30T08:38:03","modified_gmt":"2020-09-30T07:38:03","slug":"en-la-actualidad","status":"publish","type":"page","link":"https:\/\/www.sicsoe.fr\/es\/quienes-somos\/en-la-actualidad\/","title":{"rendered":"En la actualidad"},"content":{"rendered":"<h2>SERVICIOS COMPLEMENTARIOS EN UN ENTORNO PRIVILEGIADO:<\/h2>\n<ul>\n<li>Un centro seguro en su integridad de 22.000 m2 en las puertas de Burdeos.<\/li>\n<li>Una cuber\u00eda y un <a href=\"https:\/\/www.sicsoe.fr\/es\/vin-cuverie\/laboratorio-metrologia\/\">laboratorio<\/a> especializado en el sector vitivin\u00edcola,<\/li>\n<li>Un <a href=\"https:\/\/www.sicsoe.fr\/es\/embotellado\/\">polo de embotellado<\/a> provisto de 3 l\u00edneas de tiraje, una de ellas de benjamines, una l\u00ednea de recogida para encorchado y encapsulado, una l\u00ednea de alto rendimiento de 8.000 botellas\/h y un taller de personalizaci\u00f3n de las botellas de vino y etiquetas,<\/li>\n<li>Un polo <a href=\"https:\/\/www.sicsoe.fr\/es\/logistica\/\">log\u00edstico<\/a>, preparaci\u00f3n de pedidos y almacenamiento del vino,<\/li>\n<li>Una <a href=\"https:\/\/www.sicsoe.fr\/es\/plataforma-de-compras\/\">plataforma de compras<\/a> de materias secas (c\u00e1psulas, etiquetas y cajas),<\/li>\n<li>Una <a href=\"https:\/\/www.sicsoe.fr\/es\/logistica\/caja-fuerte\/\">caja fuerte<\/a> de 6.000 m2 dedicada al almacenamiento de Grands Crus,<\/li>\n<li>5 <a href=\"https:\/\/www.sicsoe.fr\/es\/calidad\/\">certificaciones y distintivos de Calidad<\/a> nacionales, internacionales y ecol\u00f3gicos<\/li>\n<\/ul>\n<h2>LOS PR\u00d3XIMOS OBJETIVOS DE SICSOE:<\/h2>\n<ul>\n<li>Continuar la<strong> formaci\u00f3n de nuestro personal<\/strong>, para un incremento de competencias permanentes en t\u00e9rminos de prestaciones de calidad.<\/li>\n<li>A partir de 2020, SICSOE se someter\u00e1, a solicitud de la empresa, a controles sin aviso previo de sus certificaciones. Comprometidos desde hace mucho tiempo en una iniciativa de <strong>gesti\u00f3n de calidad<\/strong>, hemos decidido someter la madurez de nuestros procesos a controles sin aviso previo.<\/li>\n<\/ul>\n","protected":false},"excerpt":{"rendered":"<p>SERVICIOS COMPLEMENTARIOS EN UN ENTORNO PRIVILEGIADO: Un centro seguro en su integridad de 22.000 m2 en las puertas de Burdeos. Una cuber\u00eda y un laboratorio&#8230;<\/p>\n","protected":false},"author":3,"featured_media":281,"parent":975,"menu_order":0,"comment_status":"closed","ping_status":"open","template":"templates\/template-page-sans-chiffres.php","meta":{"_acf_changed":false,"footnotes":""},"class_list":["post-980","page","type-page","status-publish","has-post-thumbnail","hentry"],"acf":[],"yoast_head":"<!-- This site is optimized with the Yoast SEO plugin v27.3 - https:\/\/yoast.com\/product\/yoast-seo-wordpress\/ -->\n<title>En la actualidad | SICSOE - Solution Vin Logistique<\/title>\n<meta name=\"description\" content=\"SERVICIOS COMPLEMENTARIOS EN UN ENTORNO PRIVILEGIADO: Un centro seguro en su integridad de 22.000 m2 en las puertas de Burdeos. Una cuber\u00eda y un\" \/>\n<meta name=\"robots\" content=\"index, follow, max-snippet:-1, max-image-preview:large, max-video-preview:-1\" \/>\n<link rel=\"canonical\" href=\"https:\/\/www.sicsoe.fr\/es\/quienes-somos\/en-la-actualidad\/\" \/>\n<meta property=\"og:locale\" content=\"es_ES\" \/>\n<meta property=\"og:type\" content=\"article\" \/>\n<meta property=\"og:title\" content=\"En la actualidad | SICSOE - Solution Vin Logistique\" \/>\n<meta property=\"og:description\" content=\"SERVICIOS COMPLEMENTARIOS EN UN ENTORNO PRIVILEGIADO: Un centro seguro en su integridad de 22.000 m2 en las puertas de Burdeos. Una cuber\u00eda y un\" \/>\n<meta property=\"og:url\" content=\"https:\/\/www.sicsoe.fr\/es\/quienes-somos\/en-la-actualidad\/\" \/>\n<meta property=\"og:site_name\" content=\"SICSOE\" \/>\n<meta property=\"article:modified_time\" content=\"2020-09-30T07:38:03+00:00\" \/>\n<meta property=\"og:image\" content=\"https:\/\/www.sicsoe.fr\/wp-content\/uploads\/2015\/03\/service_embouteillage.jpg\" \/>\n\t<meta property=\"og:image:width\" content=\"595\" \/>\n\t<meta property=\"og:image:height\" content=\"394\" \/>\n\t<meta property=\"og:image:type\" content=\"image\/jpeg\" \/>\n<meta name=\"twitter:card\" content=\"summary_large_image\" \/>\n<meta name=\"twitter:label1\" content=\"Tiempo de lectura\" \/>\n\t<meta name=\"twitter:data1\" content=\"1 minuto\" \/>\n<script type=\"application\/ld+json\" class=\"yoast-schema-graph\">{\"@context\":\"https:\\\/\\\/schema.org\",\"@graph\":[{\"@type\":\"WebPage\",\"@id\":\"https:\\\/\\\/www.sicsoe.fr\\\/es\\\/quienes-somos\\\/en-la-actualidad\\\/\",\"url\":\"https:\\\/\\\/www.sicsoe.fr\\\/es\\\/quienes-somos\\\/en-la-actualidad\\\/\",\"name\":\"En la actualidad | SICSOE - Solution Vin Logistique\",\"isPartOf\":{\"@id\":\"https:\\\/\\\/www.sicsoe.fr\\\/#website\"},\"primaryImageOfPage\":{\"@id\":\"https:\\\/\\\/www.sicsoe.fr\\\/es\\\/quienes-somos\\\/en-la-actualidad\\\/#primaryimage\"},\"image\":{\"@id\":\"https:\\\/\\\/www.sicsoe.fr\\\/es\\\/quienes-somos\\\/en-la-actualidad\\\/#primaryimage\"},\"thumbnailUrl\":\"https:\\\/\\\/www.sicsoe.fr\\\/wp-content\\\/uploads\\\/2015\\\/03\\\/service_embouteillage.jpg\",\"datePublished\":\"2017-03-24T13:54:24+00:00\",\"dateModified\":\"2020-09-30T07:38:03+00:00\",\"description\":\"SERVICIOS COMPLEMENTARIOS EN UN ENTORNO PRIVILEGIADO: Un centro seguro en su integridad de 22.000 m2 en las puertas de Burdeos. Una cuber\u00eda y un\",\"breadcrumb\":{\"@id\":\"https:\\\/\\\/www.sicsoe.fr\\\/es\\\/quienes-somos\\\/en-la-actualidad\\\/#breadcrumb\"},\"inLanguage\":\"es\",\"potentialAction\":[{\"@type\":\"ReadAction\",\"target\":[\"https:\\\/\\\/www.sicsoe.fr\\\/es\\\/quienes-somos\\\/en-la-actualidad\\\/\"]}]},{\"@type\":\"ImageObject\",\"inLanguage\":\"es\",\"@id\":\"https:\\\/\\\/www.sicsoe.fr\\\/es\\\/quienes-somos\\\/en-la-actualidad\\\/#primaryimage\",\"url\":\"https:\\\/\\\/www.sicsoe.fr\\\/wp-content\\\/uploads\\\/2015\\\/03\\\/service_embouteillage.jpg\",\"contentUrl\":\"https:\\\/\\\/www.sicsoe.fr\\\/wp-content\\\/uploads\\\/2015\\\/03\\\/service_embouteillage.jpg\",\"width\":595,\"height\":394,\"caption\":\"Service d'embouteillage\"},{\"@type\":\"BreadcrumbList\",\"@id\":\"https:\\\/\\\/www.sicsoe.fr\\\/es\\\/quienes-somos\\\/en-la-actualidad\\\/#breadcrumb\",\"itemListElement\":[{\"@type\":\"ListItem\",\"position\":1,\"name\":\"Home\",\"item\":\"https:\\\/\\\/www.sicsoe.fr\\\/\"},{\"@type\":\"ListItem\",\"position\":2,\"name\":\"\u00bfQui\u00e9nes somos?\",\"item\":\"https:\\\/\\\/www.sicsoe.fr\\\/es\\\/quienes-somos\\\/\"},{\"@type\":\"ListItem\",\"position\":3,\"name\":\"En la actualidad\"}]},{\"@type\":\"WebSite\",\"@id\":\"https:\\\/\\\/www.sicsoe.fr\\\/#website\",\"url\":\"https:\\\/\\\/www.sicsoe.fr\\\/\",\"name\":\"SICSOE\",\"description\":\"Soluci\u00f3n Log\u00edstica del Vino\",\"publisher\":{\"@id\":\"https:\\\/\\\/www.sicsoe.fr\\\/#organization\"},\"potentialAction\":[{\"@type\":\"SearchAction\",\"target\":{\"@type\":\"EntryPoint\",\"urlTemplate\":\"https:\\\/\\\/www.sicsoe.fr\\\/?s={search_term_string}\"},\"query-input\":{\"@type\":\"PropertyValueSpecification\",\"valueRequired\":true,\"valueName\":\"search_term_string\"}}],\"inLanguage\":\"es\"},{\"@type\":\"Organization\",\"@id\":\"https:\\\/\\\/www.sicsoe.fr\\\/#organization\",\"name\":\"Sicsoe\",\"url\":\"https:\\\/\\\/www.sicsoe.fr\\\/\",\"logo\":{\"@type\":\"ImageObject\",\"inLanguage\":\"es\",\"@id\":\"https:\\\/\\\/www.sicsoe.fr\\\/#\\\/schema\\\/logo\\\/image\\\/\",\"url\":\"https:\\\/\\\/www.sicsoe.fr\\\/wp-content\\\/uploads\\\/2015\\\/03\\\/default-img-une.jpg\",\"contentUrl\":\"https:\\\/\\\/www.sicsoe.fr\\\/wp-content\\\/uploads\\\/2015\\\/03\\\/default-img-une.jpg\",\"width\":596,\"height\":431,\"caption\":\"Sicsoe\"},\"image\":{\"@id\":\"https:\\\/\\\/www.sicsoe.fr\\\/#\\\/schema\\\/logo\\\/image\\\/\"}}]}<\/script>\n<!-- \/ Yoast SEO plugin. -->","yoast_head_json":{"title":"En la actualidad | SICSOE - Solution Vin Logistique","description":"SERVICIOS COMPLEMENTARIOS EN UN ENTORNO PRIVILEGIADO: Un centro seguro en su integridad de 22.000 m2 en las puertas de Burdeos. Una cuber\u00eda y un","robots":{"index":"index","follow":"follow","max-snippet":"max-snippet:-1","max-image-preview":"max-image-preview:large","max-video-preview":"max-video-preview:-1"},"canonical":"https:\/\/www.sicsoe.fr\/es\/quienes-somos\/en-la-actualidad\/","og_locale":"es_ES","og_type":"article","og_title":"En la actualidad | SICSOE - Solution Vin Logistique","og_description":"SERVICIOS COMPLEMENTARIOS EN UN ENTORNO PRIVILEGIADO: Un centro seguro en su integridad de 22.000 m2 en las puertas de Burdeos. Una cuber\u00eda y un","og_url":"https:\/\/www.sicsoe.fr\/es\/quienes-somos\/en-la-actualidad\/","og_site_name":"SICSOE","article_modified_time":"2020-09-30T07:38:03+00:00","og_image":[{"width":595,"height":394,"url":"https:\/\/www.sicsoe.fr\/wp-content\/uploads\/2015\/03\/service_embouteillage.jpg","type":"image\/jpeg"}],"twitter_card":"summary_large_image","twitter_misc":{"Tiempo de lectura":"1 minuto"},"schema":{"@context":"https:\/\/schema.org","@graph":[{"@type":"WebPage","@id":"https:\/\/www.sicsoe.fr\/es\/quienes-somos\/en-la-actualidad\/","url":"https:\/\/www.sicsoe.fr\/es\/quienes-somos\/en-la-actualidad\/","name":"En la actualidad | SICSOE - Solution Vin Logistique","isPartOf":{"@id":"https:\/\/www.sicsoe.fr\/#website"},"primaryImageOfPage":{"@id":"https:\/\/www.sicsoe.fr\/es\/quienes-somos\/en-la-actualidad\/#primaryimage"},"image":{"@id":"https:\/\/www.sicsoe.fr\/es\/quienes-somos\/en-la-actualidad\/#primaryimage"},"thumbnailUrl":"https:\/\/www.sicsoe.fr\/wp-content\/uploads\/2015\/03\/service_embouteillage.jpg","datePublished":"2017-03-24T13:54:24+00:00","dateModified":"2020-09-30T07:38:03+00:00","description":"SERVICIOS COMPLEMENTARIOS EN UN ENTORNO PRIVILEGIADO: Un centro seguro en su integridad de 22.000 m2 en las puertas de Burdeos. Una cuber\u00eda y un","breadcrumb":{"@id":"https:\/\/www.sicsoe.fr\/es\/quienes-somos\/en-la-actualidad\/#breadcrumb"},"inLanguage":"es","potentialAction":[{"@type":"ReadAction","target":["https:\/\/www.sicsoe.fr\/es\/quienes-somos\/en-la-actualidad\/"]}]},{"@type":"ImageObject","inLanguage":"es","@id":"https:\/\/www.sicsoe.fr\/es\/quienes-somos\/en-la-actualidad\/#primaryimage","url":"https:\/\/www.sicsoe.fr\/wp-content\/uploads\/2015\/03\/service_embouteillage.jpg","contentUrl":"https:\/\/www.sicsoe.fr\/wp-content\/uploads\/2015\/03\/service_embouteillage.jpg","width":595,"height":394,"caption":"Service d'embouteillage"},{"@type":"BreadcrumbList","@id":"https:\/\/www.sicsoe.fr\/es\/quienes-somos\/en-la-actualidad\/#breadcrumb","itemListElement":[{"@type":"ListItem","position":1,"name":"Home","item":"https:\/\/www.sicsoe.fr\/"},{"@type":"ListItem","position":2,"name":"\u00bfQui\u00e9nes somos?","item":"https:\/\/www.sicsoe.fr\/es\/quienes-somos\/"},{"@type":"ListItem","position":3,"name":"En la actualidad"}]},{"@type":"WebSite","@id":"https:\/\/www.sicsoe.fr\/#website","url":"https:\/\/www.sicsoe.fr\/","name":"SICSOE","description":"Soluci\u00f3n Log\u00edstica del Vino","publisher":{"@id":"https:\/\/www.sicsoe.fr\/#organization"},"potentialAction":[{"@type":"SearchAction","target":{"@type":"EntryPoint","urlTemplate":"https:\/\/www.sicsoe.fr\/?s={search_term_string}"},"query-input":{"@type":"PropertyValueSpecification","valueRequired":true,"valueName":"search_term_string"}}],"inLanguage":"es"},{"@type":"Organization","@id":"https:\/\/www.sicsoe.fr\/#organization","name":"Sicsoe","url":"https:\/\/www.sicsoe.fr\/","logo":{"@type":"ImageObject","inLanguage":"es","@id":"https:\/\/www.sicsoe.fr\/#\/schema\/logo\/image\/","url":"https:\/\/www.sicsoe.fr\/wp-content\/uploads\/2015\/03\/default-img-une.jpg","contentUrl":"https:\/\/www.sicsoe.fr\/wp-content\/uploads\/2015\/03\/default-img-une.jpg","width":596,"height":431,"caption":"Sicsoe"},"image":{"@id":"https:\/\/www.sicsoe.fr\/#\/schema\/logo\/image\/"}}]}},"_links":{"self":[{"href":"https:\/\/www.sicsoe.fr\/es\/wp-json\/wp\/v2\/pages\/980","targetHints":{"allow":["GET"]}}],"collection":[{"href":"https:\/\/www.sicsoe.fr\/es\/wp-json\/wp\/v2\/pages"}],"about":[{"href":"https:\/\/www.sicsoe.fr\/es\/wp-json\/wp\/v2\/types\/page"}],"author":[{"embeddable":true,"href":"https:\/\/www.sicsoe.fr\/es\/wp-json\/wp\/v2\/users\/3"}],"replies":[{"embeddable":true,"href":"https:\/\/www.sicsoe.fr\/es\/wp-json\/wp\/v2\/comments?post=980"}],"version-history":[{"count":4,"href":"https:\/\/www.sicsoe.fr\/es\/wp-json\/wp\/v2\/pages\/980\/revisions"}],"predecessor-version":[{"id":2391,"href":"https:\/\/www.sicsoe.fr\/es\/wp-json\/wp\/v2\/pages\/980\/revisions\/2391"}],"up":[{"embeddable":true,"href":"https:\/\/www.sicsoe.fr\/es\/wp-json\/wp\/v2\/pages\/975"}],"wp:featuredmedia":[{"embeddable":true,"href":"https:\/\/www.sicsoe.fr\/es\/wp-json\/wp\/v2\/media\/281"}],"wp:attachment":[{"href":"https:\/\/www.sicsoe.fr\/es\/wp-json\/wp\/v2\/media?parent=980"}],"curies":[{"name":"wp","href":"https:\/\/api.w.org\/{rel}","templated":true}]}}